{"id":6908,"date":"2013-04-05T16:38:18","date_gmt":"2013-04-05T14:38:18","guid":{"rendered":"https:\/\/wafdal.applecreek-dalmatians.de\/startseite\/"},"modified":"2026-02-07T12:54:46","modified_gmt":"2026-02-07T11:54:46","slug":"startseite","status":"publish","type":"page","link":"https:\/\/wafdal.org\/de\/","title":{"rendered":"Startseite"},"content":{"rendered":"<div  class='flex_column av-285p9qz-a576739f95aa38a4469d5acb9fab5343 av_one_half  avia-builder-el-0  el_before_av_one_half  avia-builder-el-first  first flex_column_div  '     ><p>\n<style type=\"text\/css\" data-created_by=\"avia_inline_auto\" id=\"style-css-av-m7xuknur-cb85fe9bba9cedf35496420a1bb957c4\">\n#top .av-special-heading.av-m7xuknur-cb85fe9bba9cedf35496420a1bb957c4{\npadding-bottom:10px;\n}\nbody .av-special-heading.av-m7xuknur-cb85fe9bba9cedf35496420a1bb957c4 .av-special-heading-tag .heading-char{\nfont-size:25px;\n}\n.av-special-heading.av-m7xuknur-cb85fe9bba9cedf35496420a1bb957c4 .av-subheading{\nfont-size:15px;\n}\n<\/style>\n<div  class='av-special-heading av-m7xuknur-cb85fe9bba9cedf35496420a1bb957c4 av-special-heading-h3 meta-heading  avia-builder-el-1  el_before_av_image  avia-builder-el-first '><h3 class='av-special-heading-tag'  itemprop=\"headline\"  >WAFDAL Event 2025<\/h3><div class=\"special-heading-border\"><div class=\"special-heading-inner-border\"><\/div><\/div><\/div><br \/>\n\n<style type=\"text\/css\" data-created_by=\"avia_inline_auto\" id=\"style-css-av-m7xuk7ef-643b5b95179411e6c6649a229ef381bf\">\n.avia-image-container.av-m7xuk7ef-643b5b95179411e6c6649a229ef381bf img.avia_image{\nbox-shadow:none;\n}\n.avia-image-container.av-m7xuk7ef-643b5b95179411e6c6649a229ef381bf .av-image-caption-overlay-center{\ncolor:#ffffff;\n}\n<\/style>\n<div  class='avia-image-container av-m7xuk7ef-643b5b95179411e6c6649a229ef381bf av-styling- avia-align-center  avia-builder-el-2  el_after_av_heading  el_before_av_textblock '   itemprop=\"image\" itemscope=\"itemscope\" itemtype=\"https:\/\/schema.org\/ImageObject\" ><div class=\"avia-image-container-inner\"><div class=\"avia-image-overlay-wrap\"><a href=\"https:\/\/wafdal.org\/2024\/09\/17\/wafdal-event-2025\/\" class='avia_image'  aria-label='Caramela_od_Motovuna-BOS_s'><img decoding=\"async\" fetchpriority=\"high\" class='wp-image-7828 avia-img-lazy-loading-not-7828 avia_image ' src=\"https:\/\/wafdal.org\/wp-content\/uploads\/2026\/02\/Caramela_od_Motovuna-BOS_s.jpg\" alt='' title='Caramela_od_Motovuna-BOS_s'  height=\"827\" width=\"1024\"  itemprop=\"thumbnailUrl\" srcset=\"https:\/\/wafdal.org\/wp-content\/uploads\/2026\/02\/Caramela_od_Motovuna-BOS_s.jpg 1024w, https:\/\/wafdal.org\/wp-content\/uploads\/2026\/02\/Caramela_od_Motovuna-BOS_s-300x242.jpg 300w, https:\/\/wafdal.org\/wp-content\/uploads\/2026\/02\/Caramela_od_Motovuna-BOS_s-768x620.jpg 768w, https:\/\/wafdal.org\/wp-content\/uploads\/2026\/02\/Caramela_od_Motovuna-BOS_s-495x400.jpg 495w, https:\/\/wafdal.org\/wp-content\/uploads\/2026\/02\/Caramela_od_Motovuna-BOS_s-705x569.jpg 705w\" sizes=\"(max-width: 1024px) 100vw, 1024px\" \/><\/a><\/div><\/div><\/div><br \/>\n<section  class='av_textblock_section av-mlc9bccg-c0105f66ed2eb7aa30af1815a7095994 '   itemscope=\"itemscope\" itemtype=\"https:\/\/schema.org\/CreativeWork\" ><div class='avia_textblock'  itemprop=\"text\" ><p>Caramela od Motovuna &#8211; BOS. Richter Trninic Tomislav (Croatia), Whiting Ilex (United Kingdom)<\/p>\n<\/div><\/section><br \/>\n\n<style type=\"text\/css\" data-created_by=\"avia_inline_auto\" id=\"style-css-av-mlc98qos-39e8940080ed0c179cabb8eaa02cd348\">\n.avia-image-container.av-mlc98qos-39e8940080ed0c179cabb8eaa02cd348 img.avia_image{\nbox-shadow:none;\n}\n.avia-image-container.av-mlc98qos-39e8940080ed0c179cabb8eaa02cd348 .av-image-caption-overlay-center{\ncolor:#ffffff;\n}\n<\/style>\n<div  class='avia-image-container av-mlc98qos-39e8940080ed0c179cabb8eaa02cd348 av-styling- avia-align-center  avia-builder-el-4  el_after_av_textblock  el_before_av_textblock '   itemprop=\"image\" itemscope=\"itemscope\" itemtype=\"https:\/\/schema.org\/ImageObject\" ><div class=\"avia-image-container-inner\"><div class=\"avia-image-overlay-wrap\"><a href=\"https:\/\/wafdal.org\/2024\/09\/17\/wafdal-event-2025\/\" class='avia_image'  aria-label='In_For_A_Shock-BOB_s'><img decoding=\"async\" fetchpriority=\"high\" class='wp-image-7830 avia-img-lazy-loading-not-7830 avia_image ' src=\"https:\/\/wafdal.org\/wp-content\/uploads\/2026\/02\/In_For_A_Shock-BOB_s.jpg\" alt='' title='In_For_A_Shock-BOB_s'  height=\"1815\" width=\"2048\"  itemprop=\"thumbnailUrl\" srcset=\"https:\/\/wafdal.org\/wp-content\/uploads\/2026\/02\/In_For_A_Shock-BOB_s.jpg 2048w, https:\/\/wafdal.org\/wp-content\/uploads\/2026\/02\/In_For_A_Shock-BOB_s-300x266.jpg 300w, https:\/\/wafdal.org\/wp-content\/uploads\/2026\/02\/In_For_A_Shock-BOB_s-1030x913.jpg 1030w, https:\/\/wafdal.org\/wp-content\/uploads\/2026\/02\/In_For_A_Shock-BOB_s-768x681.jpg 768w, https:\/\/wafdal.org\/wp-content\/uploads\/2026\/02\/In_For_A_Shock-BOB_s-1536x1361.jpg 1536w, https:\/\/wafdal.org\/wp-content\/uploads\/2026\/02\/In_For_A_Shock-BOB_s-1500x1329.jpg 1500w, https:\/\/wafdal.org\/wp-content\/uploads\/2026\/02\/In_For_A_Shock-BOB_s-705x625.jpg 705w\" sizes=\"(max-width: 2048px) 100vw, 2048px\" \/><\/a><\/div><\/div><\/div><br \/>\n<section  class='av_textblock_section av-mlc9a6cj-29365f8760e854b1b938908339436e6a '   itemscope=\"itemscope\" itemtype=\"https:\/\/schema.org\/CreativeWork\" ><div class='avia_textblock'  itemprop=\"text\" ><p>Namara\u2019s In For A Shock &#8211; BOB<\/p>\n<\/div><\/section><\/p><\/div><div  class='flex_column av-1ze1giz-84ef5cc7dcf8f1e6baec409a79a9ee51 av_one_half  avia-builder-el-6  el_after_av_one_half  el_before_av_one_half  flex_column_div  '     ><p>\n<style type=\"text\/css\" data-created_by=\"avia_inline_auto\" id=\"style-css-av-71pgxn-c3249505807f699fc4854cbd8af06bb9\">\n#top .av-special-heading.av-71pgxn-c3249505807f699fc4854cbd8af06bb9{\npadding-bottom:10px;\n}\nbody .av-special-heading.av-71pgxn-c3249505807f699fc4854cbd8af06bb9 .av-special-heading-tag .heading-char{\nfont-size:25px;\n}\n.av-special-heading.av-71pgxn-c3249505807f699fc4854cbd8af06bb9 .av-subheading{\nfont-size:15px;\n}\n<\/style>\n<div  class='av-special-heading av-71pgxn-c3249505807f699fc4854cbd8af06bb9 av-special-heading-h3 meta-heading  avia-builder-el-7  el_before_av_textblock  avia-builder-el-first '><h3 class='av-special-heading-tag'  itemprop=\"headline\"  >Willkommen bei der Weltvereinigung f\u00fcr Dalmatiner<\/h3><div class=\"special-heading-border\"><div class=\"special-heading-inner-border\"><\/div><\/div><\/div><br \/>\n<section  class='av_textblock_section av-1wajtsb-af3dcbed1b5e92a54457e69ece878557 '   itemscope=\"itemscope\" itemtype=\"https:\/\/schema.org\/CreativeWork\" ><div class='avia_textblock'  itemprop=\"text\" ><p>Dies ist die Kommunikationsplattform der World Association For Dalmatians.<br \/>\nHier finden Sie Informationen \u00fcber die Organisation WAFDAL und \u00fcber den Dalmatiner.<br \/>\nAlle <a href=\"https:\/\/wafdal.org\/de\/the-standard\/\">Privatpersonen<\/a> und alle Zuchtverb\u00e4nde\/Vereine k\u00f6nnen Mitglied der WAFDAL werden. Sie k\u00f6nnen einfach das entsprechende <a href=\"https:\/\/wafdal.org\/de\/mitgliedschaft\/\">Bewerbungsformular<\/a> auf unserer Website ausf\u00fcllen<\/p>\n<h4><\/h4>\n<\/div><\/section><br \/>\n\n<style type=\"text\/css\" data-created_by=\"avia_inline_auto\" id=\"style-css-av-6rj67f-059a2f6dfeed4ecba12244fb13aad8e1\">\n#top .av-special-heading.av-6rj67f-059a2f6dfeed4ecba12244fb13aad8e1{\npadding-bottom:15px;\n}\nbody .av-special-heading.av-6rj67f-059a2f6dfeed4ecba12244fb13aad8e1 .av-special-heading-tag .heading-char{\nfont-size:25px;\n}\n.av-special-heading.av-6rj67f-059a2f6dfeed4ecba12244fb13aad8e1 .av-subheading{\nfont-size:15px;\n}\n<\/style>\n<div  class='av-special-heading av-6rj67f-059a2f6dfeed4ecba12244fb13aad8e1 av-special-heading-h3 meta-heading  avia-builder-el-9  el_after_av_textblock  el_before_av_textblock '><h3 class='av-special-heading-tag'  itemprop=\"headline\"  >Wer wir sind<\/h3><div class=\"special-heading-border\"><div class=\"special-heading-inner-border\"><\/div><\/div><\/div><br \/>\n<section  class='av_textblock_section av-lri2ck12-ace650f2a48c2f8b94a9d5687345d6b7 '   itemscope=\"itemscope\" itemtype=\"https:\/\/schema.org\/CreativeWork\" ><div class='avia_textblock'  itemprop=\"text\" ><p>Unser Club wurde 1993 von mehreren europ\u00e4ischen Dalmatiner-Zuchtvereinen gegr\u00fcndet. Die Idee war, dass Zucht nur auf internationaler Ebene m\u00f6glich ist. Die Gesundheitsprojekte m\u00fcssen n\u00e4mlich zwischen allen beteiligten Zuchtvereinen koordiniert werden. WAFDAL-Treffen werden alle zwei Jahre in verschiedenen L\u00e4ndern organisiert. Ab 2021 steht WAFDAL sowohl Privatpersonen als auch Zuchtvereinen aus der ganzen Welt offen.<\/p>\n<h4><\/h4>\n<\/div><\/section><br \/>\n<div  class='avia-slideshow av-7xlnt7-7a42baeb407d17e7d397c0a21e68af09 avia-slideshow-portfolio av_slideshow avia-slide-slider  avia-builder-el-11  el_after_av_textblock  avia-builder-el-last  av-slideshow-ui av-control-default av-slideshow-autoplay av-loop-endless av-loop-manual-endless av-default-height-applied avia-slideshow-1' data-slideshow-options=\"{&quot;animation&quot;:&quot;slide&quot;,&quot;autoplay&quot;:true,&quot;loop_autoplay&quot;:&quot;endless&quot;,&quot;interval&quot;:5,&quot;loop_manual&quot;:&quot;manual-endless&quot;,&quot;autoplay_stopper&quot;:false,&quot;noNavigation&quot;:false,&quot;bg_slider&quot;:false,&quot;keep_padding&quot;:false,&quot;hoverpause&quot;:false,&quot;show_slide_delay&quot;:0}\"  itemprop=\"image\" itemscope=\"itemscope\" itemtype=\"https:\/\/schema.org\/ImageObject\" ><ul class='avia-slideshow-inner ' style='padding-bottom: 71.7213114754%;'><li  class='avia-slideshow-slide av-7xlnt7-7a42baeb407d17e7d397c0a21e68af09__0  slide-1 slide-odd'><div data-rel='slideshow-1' class='avia-slide-wrap '   ><img decoding=\"async\" fetchpriority=\"high\" class=\"wp-image-7460 avia-img-lazy-loading-not-7460\"  src=\"https:\/\/wafdal.org\/wp-content\/uploads\/2025\/02\/slider_2025_09.jpg\" width=\"488\" height=\"350\" title='slider_2025_09' alt=''  itemprop=\"thumbnailUrl\" srcset=\"https:\/\/wafdal.org\/wp-content\/uploads\/2025\/02\/slider_2025_09.jpg 488w, https:\/\/wafdal.org\/wp-content\/uploads\/2025\/02\/slider_2025_09-300x215.jpg 300w, https:\/\/wafdal.org\/wp-content\/uploads\/2025\/02\/slider_2025_09-260x185.jpg 260w\" sizes=\"(max-width: 488px) 100vw, 488px\" \/><\/div><\/li><li  class='avia-slideshow-slide av-7xlnt7-7a42baeb407d17e7d397c0a21e68af09__1  slide-2 slide-even'><div data-rel='slideshow-1' class='avia-slide-wrap '   ><img decoding=\"async\" fetchpriority=\"high\" class=\"wp-image-7458 avia-img-lazy-loading-not-7458\"  src=\"https:\/\/wafdal.org\/wp-content\/uploads\/2025\/02\/slider_2025_08.jpg\" width=\"488\" height=\"349\" title='slider_2025_08' alt=''  itemprop=\"thumbnailUrl\" srcset=\"https:\/\/wafdal.org\/wp-content\/uploads\/2025\/02\/slider_2025_08.jpg 488w, https:\/\/wafdal.org\/wp-content\/uploads\/2025\/02\/slider_2025_08-300x215.jpg 300w, https:\/\/wafdal.org\/wp-content\/uploads\/2025\/02\/slider_2025_08-260x185.jpg 260w\" sizes=\"(max-width: 488px) 100vw, 488px\" \/><\/div><\/li><li  class='avia-slideshow-slide av-7xlnt7-7a42baeb407d17e7d397c0a21e68af09__2  slide-3 slide-odd'><div data-rel='slideshow-1' class='avia-slide-wrap '   ><img decoding=\"async\" fetchpriority=\"high\" class=\"wp-image-7456 avia-img-lazy-loading-not-7456\"  src=\"https:\/\/wafdal.org\/wp-content\/uploads\/2025\/02\/slider_2025_07.jpg\" width=\"488\" height=\"350\" title='slider_2025_07' alt=''  itemprop=\"thumbnailUrl\" srcset=\"https:\/\/wafdal.org\/wp-content\/uploads\/2025\/02\/slider_2025_07.jpg 488w, https:\/\/wafdal.org\/wp-content\/uploads\/2025\/02\/slider_2025_07-300x215.jpg 300w, https:\/\/wafdal.org\/wp-content\/uploads\/2025\/02\/slider_2025_07-260x185.jpg 260w\" sizes=\"(max-width: 488px) 100vw, 488px\" \/><\/div><\/li><li  class='avia-slideshow-slide av-7xlnt7-7a42baeb407d17e7d397c0a21e68af09__3  slide-4 slide-even'><div data-rel='slideshow-1' class='avia-slide-wrap '   ><img decoding=\"async\" fetchpriority=\"high\" class=\"wp-image-7454 avia-img-lazy-loading-not-7454\"  src=\"https:\/\/wafdal.org\/wp-content\/uploads\/2025\/02\/slider_2025_06.jpg\" width=\"488\" height=\"350\" title='slider_2025_06' alt=''  itemprop=\"thumbnailUrl\" srcset=\"https:\/\/wafdal.org\/wp-content\/uploads\/2025\/02\/slider_2025_06.jpg 488w, https:\/\/wafdal.org\/wp-content\/uploads\/2025\/02\/slider_2025_06-300x215.jpg 300w, https:\/\/wafdal.org\/wp-content\/uploads\/2025\/02\/slider_2025_06-260x185.jpg 260w\" sizes=\"(max-width: 488px) 100vw, 488px\" \/><\/div><\/li><li  class='avia-slideshow-slide av-7xlnt7-7a42baeb407d17e7d397c0a21e68af09__4  slide-5 slide-odd'><div data-rel='slideshow-1' class='avia-slide-wrap '   ><img decoding=\"async\" fetchpriority=\"high\" class=\"wp-image-7452 avia-img-lazy-loading-not-7452\"  src=\"https:\/\/wafdal.org\/wp-content\/uploads\/2025\/02\/slider_2025_05.jpg\" width=\"488\" height=\"350\" title='slider_2025_05' alt=''  itemprop=\"thumbnailUrl\" srcset=\"https:\/\/wafdal.org\/wp-content\/uploads\/2025\/02\/slider_2025_05.jpg 488w, https:\/\/wafdal.org\/wp-content\/uploads\/2025\/02\/slider_2025_05-300x215.jpg 300w, https:\/\/wafdal.org\/wp-content\/uploads\/2025\/02\/slider_2025_05-260x185.jpg 260w\" sizes=\"(max-width: 488px) 100vw, 488px\" \/><\/div><\/li><li  class='avia-slideshow-slide av-7xlnt7-7a42baeb407d17e7d397c0a21e68af09__5  slide-6 slide-even'><div data-rel='slideshow-1' class='avia-slide-wrap '   ><img decoding=\"async\" fetchpriority=\"high\" class=\"wp-image-7450 avia-img-lazy-loading-not-7450\"  src=\"https:\/\/wafdal.org\/wp-content\/uploads\/2025\/02\/slider_2025_04.jpg\" width=\"488\" height=\"350\" title='slider_2025_04' alt=''  itemprop=\"thumbnailUrl\" srcset=\"https:\/\/wafdal.org\/wp-content\/uploads\/2025\/02\/slider_2025_04.jpg 488w, https:\/\/wafdal.org\/wp-content\/uploads\/2025\/02\/slider_2025_04-300x215.jpg 300w, https:\/\/wafdal.org\/wp-content\/uploads\/2025\/02\/slider_2025_04-260x185.jpg 260w\" sizes=\"(max-width: 488px) 100vw, 488px\" \/><\/div><\/li><li  class='avia-slideshow-slide av-7xlnt7-7a42baeb407d17e7d397c0a21e68af09__6  slide-7 slide-odd'><div data-rel='slideshow-1' class='avia-slide-wrap '   ><img decoding=\"async\" fetchpriority=\"high\" class=\"wp-image-7448 avia-img-lazy-loading-not-7448\"  src=\"https:\/\/wafdal.org\/wp-content\/uploads\/2025\/02\/slider_2025_03.jpg\" width=\"488\" height=\"349\" title='slider_2025_03' alt=''  itemprop=\"thumbnailUrl\" srcset=\"https:\/\/wafdal.org\/wp-content\/uploads\/2025\/02\/slider_2025_03.jpg 488w, https:\/\/wafdal.org\/wp-content\/uploads\/2025\/02\/slider_2025_03-300x215.jpg 300w, https:\/\/wafdal.org\/wp-content\/uploads\/2025\/02\/slider_2025_03-260x185.jpg 260w\" sizes=\"(max-width: 488px) 100vw, 488px\" \/><\/div><\/li><li  class='avia-slideshow-slide av-7xlnt7-7a42baeb407d17e7d397c0a21e68af09__7  slide-8 slide-even'><div data-rel='slideshow-1' class='avia-slide-wrap '   ><img decoding=\"async\" fetchpriority=\"high\" class=\"wp-image-7446 avia-img-lazy-loading-not-7446\"  src=\"https:\/\/wafdal.org\/wp-content\/uploads\/2025\/02\/slider_2025_02.jpg\" width=\"488\" height=\"350\" title='slider_2025_02' alt=''  itemprop=\"thumbnailUrl\" srcset=\"https:\/\/wafdal.org\/wp-content\/uploads\/2025\/02\/slider_2025_02.jpg 488w, https:\/\/wafdal.org\/wp-content\/uploads\/2025\/02\/slider_2025_02-300x215.jpg 300w, https:\/\/wafdal.org\/wp-content\/uploads\/2025\/02\/slider_2025_02-260x185.jpg 260w\" sizes=\"(max-width: 488px) 100vw, 488px\" \/><\/div><\/li><li  class='avia-slideshow-slide av-7xlnt7-7a42baeb407d17e7d397c0a21e68af09__8  slide-9 slide-odd'><div data-rel='slideshow-1' class='avia-slide-wrap '   ><img decoding=\"async\" fetchpriority=\"high\" class=\"wp-image-7444 avia-img-lazy-loading-not-7444\"  src=\"https:\/\/wafdal.org\/wp-content\/uploads\/2025\/02\/slider_2025_01.jpg\" width=\"488\" height=\"350\" title='slider_2025_01' alt=''  itemprop=\"thumbnailUrl\" srcset=\"https:\/\/wafdal.org\/wp-content\/uploads\/2025\/02\/slider_2025_01.jpg 488w, https:\/\/wafdal.org\/wp-content\/uploads\/2025\/02\/slider_2025_01-300x215.jpg 300w, https:\/\/wafdal.org\/wp-content\/uploads\/2025\/02\/slider_2025_01-260x185.jpg 260w\" sizes=\"(max-width: 488px) 100vw, 488px\" \/><\/div><\/li><\/ul><div class='avia-slideshow-arrows avia-slideshow-controls' ><a href='#prev' class='prev-slide ' aria-hidden='true' data-av_icon='\ue87c' data-av_iconfont='entypo-fontello'  tabindex='-1'>Zur\u00fcck<\/a><a href='#next' class='next-slide ' aria-hidden='true' data-av_icon='\ue87d' data-av_iconfont='entypo-fontello'  tabindex='-1'>Weiter<\/a><\/div><div class='avia-slideshow-dots avia-slideshow-controls'><a href='#1' class='goto-slide active' >1<\/a><a href='#2' class='goto-slide ' >2<\/a><a href='#3' class='goto-slide ' >3<\/a><a href='#4' class='goto-slide ' >4<\/a><a href='#5' class='goto-slide ' >5<\/a><a href='#6' class='goto-slide ' >6<\/a><a href='#7' class='goto-slide ' >7<\/a><a href='#8' class='goto-slide ' >8<\/a><a href='#9' class='goto-slide ' >9<\/a><\/div><\/div><\/p><\/div><\/p>\n<div  class='flex_column av-3zuztn-e8957427af4a35dddeb581451edd8193 av_one_half  avia-builder-el-12  el_after_av_one_half  el_before_av_one_half  first flex_column_div  column-top-margin'     ><p>\n<style type=\"text\/css\" data-created_by=\"avia_inline_auto\" id=\"style-css-av-lri2gdok-598882d916ab2bd58e75c7730a4efc6c\">\n#top .av-special-heading.av-lri2gdok-598882d916ab2bd58e75c7730a4efc6c{\npadding-bottom:10px;\n}\nbody .av-special-heading.av-lri2gdok-598882d916ab2bd58e75c7730a4efc6c .av-special-heading-tag .heading-char{\nfont-size:25px;\n}\n.av-special-heading.av-lri2gdok-598882d916ab2bd58e75c7730a4efc6c .av-subheading{\nfont-size:15px;\n}\n<\/style>\n<div  class='av-special-heading av-lri2gdok-598882d916ab2bd58e75c7730a4efc6c av-special-heading-h3 meta-heading  avia-builder-el-13  el_before_av_textblock  avia-builder-el-first '><h3 class='av-special-heading-tag'  itemprop=\"headline\"  >Unsere Ziele<\/h3><div class=\"special-heading-border\"><div class=\"special-heading-inner-border\"><\/div><\/div><\/div><br \/>\n<section  class='av_textblock_section av-lri2idqz-e739cc6fdba8518ff36fdd6aaf413241 '   itemscope=\"itemscope\" itemtype=\"https:\/\/schema.org\/CreativeWork\" ><div class='avia_textblock'  itemprop=\"text\" ><p>Unser Hauptaugenmerk liegt auf der Erhaltung und Verbesserung der Gesundheit unserer Rasse, aber auch auf der Zusammenf\u00fchrung von Dalmatinerz\u00fcchtern\/Liebhabern mit all ihrem Wissen und ihrer Erfahrung und der F\u00f6rderung der Zucht auf internationaler Ebene. Wir organisieren Treffen, Ausstellungen und andere Veranstaltungen, um Diskussionen, Netzwerke und soziale Kontakte zwischen allen Dalmatiner-Liebhabern zu f\u00f6rdern, und wir unterst\u00fctzen wissenschaftliche Projekte zu Gesundheit und Zucht.<\/p>\n<h4><\/h4>\n<\/div><\/section><\/p><\/div>\n<div  class='flex_column av-396k7f-ad78bb6ad3528c867c8b0e69045a9c27 av_one_half  avia-builder-el-15  el_after_av_one_half  el_before_av_hr  flex_column_div  column-top-margin'     ><p>\n<style type=\"text\/css\" data-created_by=\"avia_inline_auto\" id=\"style-css-av-lri2h5jp-2d00cc458ab7992c325bb03e807fd98f\">\n#top .av-special-heading.av-lri2h5jp-2d00cc458ab7992c325bb03e807fd98f{\npadding-bottom:15px;\n}\nbody .av-special-heading.av-lri2h5jp-2d00cc458ab7992c325bb03e807fd98f .av-special-heading-tag .heading-char{\nfont-size:25px;\n}\n.av-special-heading.av-lri2h5jp-2d00cc458ab7992c325bb03e807fd98f .av-subheading{\nfont-size:15px;\n}\n<\/style>\n<div  class='av-special-heading av-lri2h5jp-2d00cc458ab7992c325bb03e807fd98f av-special-heading-h3 meta-heading  avia-builder-el-16  el_before_av_textblock  avia-builder-el-first '><h3 class='av-special-heading-tag'  itemprop=\"headline\"  >Ihre Vorteile von WAFDAL<\/h3><div class=\"special-heading-border\"><div class=\"special-heading-inner-border\"><\/div><\/div><\/div><br \/>\n<section  class='av_textblock_section av-lri2jogj-b0b6661b726048a2ef419b6c8c4f6747 '   itemscope=\"itemscope\" itemtype=\"https:\/\/schema.org\/CreativeWork\" ><div class='avia_textblock'  itemprop=\"text\" ><p>Die Erhaltung unserer Rasse ist eine st\u00e4ndige und internationale Aufgabe. Die Z\u00fcchter m\u00fcssen zusammenarbeiten, unabh\u00e4ngig davon, wer sie sind und woher sie kommen, und sie brauchen die Unterst\u00fctzung aller anderen Dalmatinerliebhaber. WAFDAL ist der einzige internationale Dalmatinerclub, wir bieten ein weltweites Netzwerk von Z\u00fcchtern, Richtern, Rassespezialisten oder einfach Dalmatinerfans. Jeder ist eingeladen, Teil unserer Gemeinschaft zu werden. Ihre Unterst\u00fctzung hilft uns, unsere Ziele zu erreichen und unsere geliebte Rasse zu erhalten. Unsere Mitglieder k\u00f6nnen an Sitzungen und anderen Veranstaltungen teilnehmen und erhalten exklusive Informationen von unserem Vorstand und unseren Arbeitsgruppen.<\/p>\n<h4><\/h4>\n<\/div><\/section><\/p><\/div>\n<div  class='hr av-1u52ij-457c51df7b84aba98d713b3c60ccdbb3 hr-default  avia-builder-el-18  el_after_av_one_half  el_before_av_textblock '><span class='hr-inner '><span class=\"hr-inner-style\"><\/span><\/span><\/div>\n<section  class='av_textblock_section av-lrjf4m9v-c01bd83564e8256102449666131e2822 '   itemscope=\"itemscope\" itemtype=\"https:\/\/schema.org\/CreativeWork\" ><div class='avia_textblock'  itemprop=\"text\" ><h2 style=\"text-align: center;\">Country Clubs \/ Mitglieder<\/h2>\n<\/div><\/section>\n<div  class='flex_column av-av_one_fourth-048119fdb636ea3d70edc0b975509c6c av_one_fourth  avia-builder-el-20  el_after_av_textblock  el_before_av_one_fourth  first flex_column_div  column-top-margin'     ><\/div>\n<div  class='flex_column av-av_one_fourth-feecfcc73494c68bb0d1632d1d5c38ae av_one_fourth  avia-builder-el-22  el_after_av_one_fourth  el_before_av_one_fourth  flex_column_div  column-top-margin'     ><\/div>\n<div  class='flex_column av-av_one_fourth-feecfcc73494c68bb0d1632d1d5c38ae av_one_fourth  avia-builder-el-24  el_after_av_one_fourth  el_before_av_one_fourth  flex_column_div  column-top-margin'     ><\/div>\n<div  class='flex_column av-av_one_fourth-feecfcc73494c68bb0d1632d1d5c38ae av_one_fourth  avia-builder-el-26  el_after_av_one_fourth  el_before_av_one_fourth  flex_column_div  column-top-margin'     ><\/div>\n<div  class='flex_column av-av_one_fourth-048119fdb636ea3d70edc0b975509c6c av_one_fourth  avia-builder-el-28  el_after_av_one_fourth  el_before_av_one_fourth  first flex_column_div  column-top-margin'     ><\/div>\n<div  class='flex_column av-av_one_fourth-feecfcc73494c68bb0d1632d1d5c38ae av_one_fourth  avia-builder-el-30  el_after_av_one_fourth  el_before_av_one_fourth  flex_column_div  column-top-margin'     ><\/div>\n<div  class='flex_column av-av_one_fourth-feecfcc73494c68bb0d1632d1d5c38ae av_one_fourth  avia-builder-el-32  el_after_av_one_fourth  el_before_av_one_fourth  flex_column_div  column-top-margin'     ><\/div>\n<div  class='flex_column av-av_one_fourth-feecfcc73494c68bb0d1632d1d5c38ae av_one_fourth  avia-builder-el-34  el_after_av_one_fourth  el_before_av_one_fourth  flex_column_div  column-top-margin'     ><\/div>\n<div  class='flex_column av-av_one_fourth-048119fdb636ea3d70edc0b975509c6c av_one_fourth  avia-builder-el-36  el_after_av_one_fourth  avia-builder-el-last  first flex_column_div  column-top-margin'     ><\/div>\n","protected":false},"excerpt":{"rendered":"","protected":false},"author":1,"featured_media":0,"parent":0,"menu_order":0,"comment_status":"open","ping_status":"open","template":"","meta":{"_price":"","_stock":"","_tribe_ticket_header":"","_tribe_default_ticket_provider":"","_ticket_start_date":"","_ticket_end_date":"","_tribe_ticket_show_description":"","_tribe_ticket_show_not_going":false,"_tribe_ticket_use_global_stock":"","_tribe_ticket_global_stock_level":"","_global_stock_mode":"","_global_stock_cap":"","_tribe_rsvp_for_event":"","_tribe_ticket_going_count":"","_tribe_ticket_not_going_count":"","_tribe_tickets_list":"[]","_tribe_ticket_has_attendee_info_fields":false,"footnotes":"","_tec_slr_enabled":"","_tec_slr_layout":""},"class_list":["post-6908","page","type-page","status-publish","hentry"],"ticketed":false,"_links":{"self":[{"href":"https:\/\/wafdal.org\/de\/wp-json\/wp\/v2\/pages\/6908","targetHints":{"allow":["GET"]}}],"collection":[{"href":"https:\/\/wafdal.org\/de\/wp-json\/wp\/v2\/pages"}],"about":[{"href":"https:\/\/wafdal.org\/de\/wp-json\/wp\/v2\/types\/page"}],"author":[{"embeddable":true,"href":"https:\/\/wafdal.org\/de\/wp-json\/wp\/v2\/users\/1"}],"replies":[{"embeddable":true,"href":"https:\/\/wafdal.org\/de\/wp-json\/wp\/v2\/comments?post=6908"}],"version-history":[{"count":10,"href":"https:\/\/wafdal.org\/de\/wp-json\/wp\/v2\/pages\/6908\/revisions"}],"predecessor-version":[{"id":7833,"href":"https:\/\/wafdal.org\/de\/wp-json\/wp\/v2\/pages\/6908\/revisions\/7833"}],"wp:attachment":[{"href":"https:\/\/wafdal.org\/de\/wp-json\/wp\/v2\/media?parent=6908"}],"curies":[{"name":"wp","href":"https:\/\/api.w.org\/{rel}","templated":true}]}}