{"id":6960,"date":"2024-01-17T18:49:27","date_gmt":"2024-01-17T17:49:27","guid":{"rendered":"https:\/\/wafdal.applecreek-dalmatians.de\/mitgliedschaft\/"},"modified":"2024-03-20T19:55:17","modified_gmt":"2024-03-20T18:55:17","slug":"mitgliedschaft","status":"publish","type":"page","link":"https:\/\/wafdal.org\/de\/mitgliedschaft\/","title":{"rendered":"Mitgliedschaft"},"content":{"rendered":"<div  class='flex_column av-ilp3lj-a172d499b9cb3bc6e601237c603d4f54 av_one_full  avia-builder-el-0  avia-builder-el-no-sibling  first flex_column_div  '     ><p>\n<style type=\"text\/css\" data-created_by=\"avia_inline_auto\" id=\"style-css-av-i2cq5j-75537c37b9b0138b9d0a1a58a88416f3\">\n#top .av-special-heading.av-i2cq5j-75537c37b9b0138b9d0a1a58a88416f3{\npadding-bottom:10px;\n}\nbody .av-special-heading.av-i2cq5j-75537c37b9b0138b9d0a1a58a88416f3 .av-special-heading-tag .heading-char{\nfont-size:25px;\n}\n.av-special-heading.av-i2cq5j-75537c37b9b0138b9d0a1a58a88416f3 .av-subheading{\nfont-size:15px;\n}\n<\/style>\n<div  class='av-special-heading av-i2cq5j-75537c37b9b0138b9d0a1a58a88416f3 av-special-heading-h3  avia-builder-el-1  el_before_av_contact  avia-builder-el-first '><h3 class='av-special-heading-tag'  itemprop=\"headline\"  >WAFDAL-Mitgliedschaftsantrag f\u00fcr Zuchtverb\u00e4nde\/Vereine<\/h3><div class=\"special-heading-border\"><div class=\"special-heading-inner-border\"><\/div><\/div><\/div><br \/>\n<form action=\"https:\/\/wafdal.org\/de\/mitgliedschaft\/\" method=\"post\" data-fields-with-error=\"Found errors in the following field(s):\" class=\"avia_ajax_form av-form-labels-visible   avia-builder-el-2  el_after_av_heading  avia-builder-el-last   \" data-avia-form-id=\"1\" data-avia-redirect='' ><fieldset><div id='avia_1_1' class='av-form-text'><p>\nWir freuen uns, dass Sie an einer Mitgliedschaft bei WAFDAL interessiert sind!<\/p>\n<p><strong>Bitte beachten Sie:<\/strong> Die mit einem * gekennzeichneten Felder sind Pflichtfelder.<\/p>\n<\/div><p class='  first_form  form_element form_fullwidth' id='element_avia_2_1'><label for=\"avia_2_1\">Name des Vereins \/ der Vereinigung: <abbr class=\"required\" title=\"ben\u00f6tigt\">*<\/abbr><\/label> <input name=\"avia_2_1\" class=\"text_input is_empty\" type=\"text\" id=\"avia_2_1\" value=\"\" \/><\/p><p class='  first_form  form_element form_fullwidth' id='element_avia_3_1'><label for=\"avia_3_1\">Stra\u00dfe \/ Hausnummer.: <abbr class=\"required\" title=\"ben\u00f6tigt\">*<\/abbr><\/label> <input name=\"avia_3_1\" class=\"text_input is_empty\" type=\"text\" id=\"avia_3_1\" value=\"\" \/><\/p><p class='  first_form  form_element form_element_half' id='element_avia_4_1'><label for=\"avia_4_1\">Postleitzahl \/ Stadt: <abbr class=\"required\" title=\"ben\u00f6tigt\">*<\/abbr><\/label> <input name=\"avia_4_1\" class=\"text_input is_empty\" type=\"text\" id=\"avia_4_1\" value=\"\" \/><\/p><p class='  form_element form_element_half' id='element_avia_5_1'><label for=\"avia_5_1\">Land: <abbr class=\"required\" title=\"ben\u00f6tigt\">*<\/abbr><\/label> <input name=\"avia_5_1\" class=\"text_input is_empty\" type=\"text\" id=\"avia_5_1\" value=\"\" \/><\/p><p class='  first_form  form_element form_fullwidth' id='element_avia_6_1'><label for=\"avia_6_1\">Kontaktperson: <abbr class=\"required\" title=\"ben\u00f6tigt\">*<\/abbr><\/label> <input name=\"avia_6_1\" class=\"text_input is_empty\" type=\"text\" id=\"avia_6_1\" value=\"\" \/><\/p><p class='  first_form  form_element form_fullwidth' id='element_avia_7_1'><label for=\"avia_7_1\">E-Mail <abbr class=\"required\" title=\"ben\u00f6tigt\">*<\/abbr><\/label> <input name=\"avia_7_1\" class=\"text_input is_email\" type=\"text\" id=\"avia_7_1\" value=\"\" \/><\/p><h3 id='element_avia_8_1' class=' first_form  form_element form_fullwidth av-form-headline '><\/h3><p class='  first_form  form_element form_fullwidth' id='element_avia_9_1'><label for=\"avia_9_1\">  Wie viele Mitglieder hat der Zuchtverband\/Verein? <abbr class=\"required\" title=\"ben\u00f6tigt\">*<\/abbr><\/label> <input name=\"avia_9_1\" class=\"text_input is_empty\" type=\"text\" id=\"avia_9_1\" value=\"\" \/><\/p><p class='  first_form  form_element form_fullwidth' id='element_avia_10_1'><label for=\"avia_10_1\">Sind Sie der einzige Dalmatiner-Rasseverein in Ihrem Land? <abbr class=\"required\" title=\"ben\u00f6tigt\">*<\/abbr><\/label><select  name=\"avia_10_1\" class=\"select is_empty\" id=\"avia_10_1\"><option   value='ja'>ja<\/option><option   value='nein'>nein<\/option><\/select><\/p><h3 id='element_avia_11_1' class=' first_form  form_element form_fullwidth av-form-headline '><\/h3><div id='avia_12_1' class='av-form-text'><p>\nMitgliedsbeitr\u00e4ge f\u00fcr 2024 und 2025:<\/p>\n<ul>\n<li>Bis zu 200 Mitglieder 50 EUR<\/li>\n<li>201 bis 400 Mitglieder 100 EUR<\/li>\n<li>401 bis 800 Mitglieder 150 EUR<\/li>\n<li>Mehr als 800 Mitglieder 200 EUR<\/li>\n<\/ul>\n<p>\n<\/div><h3 id='element_avia_13_1' class=' first_form  form_element form_fullwidth av-form-headline '><\/h3><div id='avia_14_1' class='av-form-text'><p>\nBitte beachten Sie vor dem Absenden, dass die beiden nachstehenden K\u00e4stchen f\u00fcr die Mitgliedschaft angekreuzt werden m\u00fcssen!<\/p>\n<\/div><p class='  first_form  form_element form_fullwidth' id='element_avia_15_1'><input  name=\"avia_15_1\" class=\"input_checkbox is_empty\" type=\"checkbox\" id=\"avia_15_1\" value=\"true\"\/><label class=\"input_checkbox_label\" for=\"avia_15_1\">Der oben genannte Verein \/ Verband erkl\u00e4rt sein Einverst\u00e4ndnis mit der Satzung. <abbr class=\"required\" title=\"ben\u00f6tigt\">*<\/abbr><\/label><\/p><p class='  first_form  form_element form_fullwidth' id='element_avia_16_1'><input  name=\"avia_16_1\" class=\"input_checkbox is_empty\" type=\"checkbox\" id=\"avia_16_1\" value=\"true\"\/><label class=\"input_checkbox_label\" for=\"avia_16_1\">Der oben genannte Verein\/Verband erkl\u00e4rt sich mit der Datenschutzerkl\u00e4rung einverstanden. <abbr class=\"required\" title=\"ben\u00f6tigt\">*<\/abbr><\/label><\/p><div id='avia_17_1' class='av-form-text'><p>\nSie k\u00f6nnen die Mitgliedschaft nur beantragen, wenn beide K\u00e4stchen angekreuzt sind.<\/p>\n<\/div><p class=\"hidden\"><input type=\"text\" name=\"avia_18_1\" class=\"hidden \" id=\"avia_18_1\" value=\"\" \/><\/p><p class='   form_element form_fullwidth' id='element_avia_19_1'><span class='value_verifier_label'>2 + 5 = ?<\/span><input name=\"avia_19_1_verifier\" type=\"hidden\" id=\"avia_19_1_verifier\" value=\"247811716\"\/><label for=\"avia_19_1\">Bitte l\u00f6se die Gleichung. Diese Ma\u00dfnahme dient der Abwehr von Spam <abbr class=\"required\" title=\"ben\u00f6tigt\">*<\/abbr><\/label><input name=\"avia_19_1\" class=\"text_input captcha\" type=\"text\" id=\"avia_19_1\" value=\"\"\/><\/p><p class=\"form_element \"><input type=\"hidden\" value=\"1\" name=\"avia_generated_form1\" \/><input type=\"submit\" value=\"Einreichen\" class=\"button\"  data-sending-label=\"Sende\"\/><\/p><\/fieldset><\/form><div id=\"ajaxresponse_1\" class=\"ajaxresponse ajaxresponse_1 hidden\"><\/div><\/p><\/div>\n","protected":false},"excerpt":{"rendered":"","protected":false},"author":1,"featured_media":0,"parent":0,"menu_order":0,"comment_status":"closed","ping_status":"closed","template":"","meta":{"_price":"","_stock":"","_tribe_ticket_header":"","_tribe_default_ticket_provider":"","_ticket_start_date":"","_ticket_end_date":"","_tribe_ticket_show_description":"","_tribe_ticket_show_not_going":false,"_tribe_ticket_use_global_stock":"","_tribe_ticket_global_stock_level":"","_global_stock_mode":"","_global_stock_cap":"","_tribe_rsvp_for_event":"","_tribe_ticket_going_count":"","_tribe_ticket_not_going_count":"","_tribe_tickets_list":"[]","_tribe_ticket_has_attendee_info_fields":false,"footnotes":"","_tec_slr_enabled":"","_tec_slr_layout":""},"class_list":["post-6960","page","type-page","status-publish","hentry"],"ticketed":false,"_links":{"self":[{"href":"https:\/\/wafdal.org\/de\/wp-json\/wp\/v2\/pages\/6960","targetHints":{"allow":["GET"]}}],"collection":[{"href":"https:\/\/wafdal.org\/de\/wp-json\/wp\/v2\/pages"}],"about":[{"href":"https:\/\/wafdal.org\/de\/wp-json\/wp\/v2\/types\/page"}],"author":[{"embeddable":true,"href":"https:\/\/wafdal.org\/de\/wp-json\/wp\/v2\/users\/1"}],"replies":[{"embeddable":true,"href":"https:\/\/wafdal.org\/de\/wp-json\/wp\/v2\/comments?post=6960"}],"version-history":[{"count":7,"href":"https:\/\/wafdal.org\/de\/wp-json\/wp\/v2\/pages\/6960\/revisions"}],"predecessor-version":[{"id":7318,"href":"https:\/\/wafdal.org\/de\/wp-json\/wp\/v2\/pages\/6960\/revisions\/7318"}],"wp:attachment":[{"href":"https:\/\/wafdal.org\/de\/wp-json\/wp\/v2\/media?parent=6960"}],"curies":[{"name":"wp","href":"https:\/\/api.w.org\/{rel}","templated":true}]}}