{"id":6981,"date":"2024-01-17T23:55:25","date_gmt":"2024-01-17T22:55:25","guid":{"rendered":"https:\/\/wafdal.applecreek-dalmatians.de\/impressum\/"},"modified":"2024-02-05T23:28:01","modified_gmt":"2024-02-05T22:28:01","slug":"impressum","status":"publish","type":"page","link":"https:\/\/wafdal.org\/de\/impressum\/","title":{"rendered":"Impressum"},"content":{"rendered":"<div  class='flex_column av-2suhpm-41b4ab709cadef8dba34d4b55e1596f2 av_one_full  avia-builder-el-0  avia-builder-el-no-sibling  first flex_column_div  '     ><p>\n<style type=\"text\/css\" data-created_by=\"avia_inline_auto\" id=\"style-css-av-lrp01g6z-8bfa4d335849eaa98ae8b1ebc878cbd0\">\n#top .av-special-heading.av-lrp01g6z-8bfa4d335849eaa98ae8b1ebc878cbd0{\npadding-bottom:10px;\n}\nbody .av-special-heading.av-lrp01g6z-8bfa4d335849eaa98ae8b1ebc878cbd0 .av-special-heading-tag .heading-char{\nfont-size:25px;\n}\n.av-special-heading.av-lrp01g6z-8bfa4d335849eaa98ae8b1ebc878cbd0 .av-subheading{\nfont-size:15px;\n}\n<\/style>\n<div  class='av-special-heading av-lrp01g6z-8bfa4d335849eaa98ae8b1ebc878cbd0 av-special-heading-h3  avia-builder-el-1  el_before_av_textblock  avia-builder-el-first '><h3 class='av-special-heading-tag'  itemprop=\"headline\"  >Impressum<\/h3><div class=\"special-heading-border\"><div class=\"special-heading-inner-border\"><\/div><\/div><\/div><br \/>\n<section  class='av_textblock_section av-lrp0d4jp-c062a9d7f58a28b83dec518087806af5 '   itemscope=\"itemscope\" itemtype=\"https:\/\/schema.org\/CreativeWork\" ><div class='avia_textblock'  itemprop=\"text\" ><p><strong>World Association For Dalmatians &#8211; WAFDAL<\/strong><\/p>\n<p>Dr. Frank Pfannenschmid, Vorstand<br \/>\nWacholderweg 19, D-93055 Regensburg, Germany<\/p>\n<p>Telefon: <a href=\"tel:+4994171969\">+49 941 71969<\/a>, E-Mail: <a href=\"mailto:info@wafdal.org\">info@wafdal.org<\/a><br \/>\nInternet: www.wafdal.org<\/p>\n<p><strong>Vertretungsberechtigter Vorstand:<\/strong><br \/>\nDr. Frank Pfannenschmid (Vorstand),<br \/>\nKatja van den Eijnden (stellvertretender Vorstand),<br \/>\nSusanne Arnold (Kassier)<\/p>\n<p><strong>Registergericht:<\/strong><\/p>\n<p>Inhaltlich Verantwortlicher gem\u00e4\u00df \u00a7 6 MDStV:<br \/>\nDr. Frank Pfannenschmid (Vorstand)<\/p>\n<p><strong>Datenschutz:<br \/>\n<\/strong>Die Nutzung der Webseite ist ohne Angabe personenbezogener Daten m\u00f6glich. Soweit auf unseren Seiten personenbezogene Daten (beispielsweise Name, Anschrift oder Email-Adressen) erhoben werden, erfolgt dies, soweit m\u00f6glich, stets auf freiwilliger Basis. Wir verpflichten uns, die Privatsph\u00e4re aller Personen zu sch\u00fctzen, die diese Site nutzen, und die pers\u00f6nlichen Daten, die uns von Mitgliedern, Kunden, Partnern und Interessenten \u00fcberlassen werden, vertraulich zu behandeln. Diese Daten werden weder verkauft noch Dritten \u00fcberlassen, sondern sind ausschlie\u00dflich zur vereinsinternen Verwendung bestimmt. Einige Seiten enthalten Links zu externen Webseiten Dritter, auf deren Inhalt wir keinen Einfluss haben. Deshalb k\u00f6nnen wir f\u00fcr diese fremden Inhalte auch keine Gew\u00e4hr \u00fcbernehmen. F\u00fcr die Inhalte der verlinkten Seiten ist stets der jeweilige Betreiber der Seiten verantwortlich.<\/p>\n<p><strong>Haftungsausschluss:<\/strong><br \/>\nDie Texte dieser Webseite wurden mit gr\u00f6\u00dftm\u00f6glicher Sorgfalt zusammengestellt. Dennoch m\u00f6chten wir darauf hinweisen, dass trotz aller Sorgfalt keine Garantie f\u00fcr die Fehlerfreiheit der hier ver\u00f6ffentlichen Daten \u00fcbernommen werden kann.<\/p>\n<p><strong>Urheberrecht:<\/strong><br \/>\nDas Copyright f\u00fcr ver\u00f6ffentlichte, vom Autor selbst erstellten Objekte bleibt allein beim Autor der Seiten. Eine Vervielf\u00e4ltigung oder Verwendung solcher Grafiken, Bilder und Texte im anderen elektronischen oder gedruckter Publikationen ist ohne ausdr\u00fcckliche Zustimmung des Autors nicht gestattet. Diese Website dient der Vermittlung von Informationen \u00fcber den ersichtlichen Inhalt, sie stellen kein Angebot im rechtlichen Sinn dar. Wir \u00fcbernehmen somit auch keine Garantie daf\u00fcr, dass die vermittelten Informationen fehlerfrei und vollst\u00e4ndig sind. Wir behalten uns das Recht vor, diese Website jederzeit zu erg\u00e4nzen oder Informationen zu \u00e4ndern oder zu l\u00f6schen. Wir haften in keinem Fall f\u00fcr allf\u00e4llige Sch\u00e4den und f\u00fcr Folgesch\u00e4den, welche als Folge des Gebrauchs von Informationen und Material aus dieser Website oder durch Zugriff \u00fcber Links auf andere Webseiten entsteht. Wir \u00fcbernehmen keine Garantie, dass Informationen, Software oder anderes Material, welche \u00fcber ihre Website zug\u00e4nglich sind, frei von Viren oder anderen sch\u00e4dlichen Komponenten sind. Sollten Sie \u00fcber Links auf dieser Website zu anderen, nicht von uns erstellten Web-Sites gelangen, so sind wir weder f\u00fcr den dortigen Inhalt verantwortlich, noch billigen, unterst\u00fctzen oder best\u00e4tigen wir die Informationen dieser externen Web-Sites. F\u00fcr die Einhaltung der gesetzlichen Vorschriften auf diesen fremden Internet-Sites \u00fcbernehmen wir keinerlei Haftung. Diese Erkl\u00e4rung gilt f\u00fcr alle auf der Website &#8222;www.wafdal.org&#8220; angebrachten externen Links und allen weiterf\u00fchrenden Links.<\/p>\n<\/div><\/section><\/p><\/div>\n","protected":false},"excerpt":{"rendered":"","protected":false},"author":1,"featured_media":0,"parent":0,"menu_order":0,"comment_status":"closed","ping_status":"closed","template":"","meta":{"_price":"","_stock":"","_tribe_ticket_header":"","_tribe_default_ticket_provider":"","_ticket_start_date":"","_ticket_end_date":"","_tribe_ticket_show_description":"","_tribe_ticket_show_not_going":false,"_tribe_ticket_use_global_stock":"","_tribe_ticket_global_stock_level":"","_global_stock_mode":"","_global_stock_cap":"","_tribe_rsvp_for_event":"","_tribe_ticket_going_count":"","_tribe_ticket_not_going_count":"","_tribe_tickets_list":"[]","_tribe_ticket_has_attendee_info_fields":false,"footnotes":"","_tec_slr_enabled":"","_tec_slr_layout":""},"class_list":["post-6981","page","type-page","status-publish","hentry"],"ticketed":false,"_links":{"self":[{"href":"https:\/\/wafdal.org\/de\/wp-json\/wp\/v2\/pages\/6981","targetHints":{"allow":["GET"]}}],"collection":[{"href":"https:\/\/wafdal.org\/de\/wp-json\/wp\/v2\/pages"}],"about":[{"href":"https:\/\/wafdal.org\/de\/wp-json\/wp\/v2\/types\/page"}],"author":[{"embeddable":true,"href":"https:\/\/wafdal.org\/de\/wp-json\/wp\/v2\/users\/1"}],"replies":[{"embeddable":true,"href":"https:\/\/wafdal.org\/de\/wp-json\/wp\/v2\/comments?post=6981"}],"version-history":[{"count":2,"href":"https:\/\/wafdal.org\/de\/wp-json\/wp\/v2\/pages\/6981\/revisions"}],"predecessor-version":[{"id":6983,"href":"https:\/\/wafdal.org\/de\/wp-json\/wp\/v2\/pages\/6981\/revisions\/6983"}],"wp:attachment":[{"href":"https:\/\/wafdal.org\/de\/wp-json\/wp\/v2\/media?parent=6981"}],"curies":[{"name":"wp","href":"https:\/\/api.w.org\/{rel}","templated":true}]}}