{"id":6998,"date":"2024-01-20T22:46:54","date_gmt":"2024-01-20T21:46:54","guid":{"rendered":"https:\/\/wafdal.applecreek-dalmatians.de\/dalmatiner-bei-der-arbeit\/"},"modified":"2024-02-23T23:30:11","modified_gmt":"2024-02-23T22:30:11","slug":"dalmatiner-bei-der-arbeit","status":"publish","type":"page","link":"https:\/\/wafdal.org\/de\/dalmatiner-bei-der-arbeit\/","title":{"rendered":"Dalmatiner bei der Arbeit"},"content":{"rendered":"<div  class='flex_column av-2c7fl2-49bea3351dbddac4b06d96736f2b4c54 av_one_full  avia-builder-el-0  avia-builder-el-no-sibling  first flex_column_div  '     ><p>\n<style type=\"text\/css\" data-created_by=\"avia_inline_auto\" id=\"style-css-av-lrmlkqt3-a5423b15c3eab29b3ca9b92394f55600\">\n#top .av-special-heading.av-lrmlkqt3-a5423b15c3eab29b3ca9b92394f55600{\npadding-bottom:10px;\n}\nbody .av-special-heading.av-lrmlkqt3-a5423b15c3eab29b3ca9b92394f55600 .av-special-heading-tag .heading-char{\nfont-size:25px;\n}\n.av-special-heading.av-lrmlkqt3-a5423b15c3eab29b3ca9b92394f55600 .av-subheading{\nfont-size:15px;\n}\n<\/style>\n<div  class='av-special-heading av-lrmlkqt3-a5423b15c3eab29b3ca9b92394f55600 av-special-heading-h3  avia-builder-el-1  el_before_av_textblock  avia-builder-el-first '><h3 class='av-special-heading-tag'  itemprop=\"headline\"  >Dalmatiner bei der Arbeit<\/h3><div class=\"special-heading-border\"><div class=\"special-heading-inner-border\"><\/div><\/div><\/div><br \/>\n<section  class='av_textblock_section av-lrmlnksx-a9b511a0b2aefb86cd112993e3269fad '   itemscope=\"itemscope\" itemtype=\"https:\/\/schema.org\/CreativeWork\" ><div class='avia_textblock'  itemprop=\"text\" ><p><strong>Lebhaftigkeit zeichnet den Dalmatiner aus&#8230;<\/strong><br \/>\n&#8230;und macht ihn zum idealen Begleiter beim Wandern, Reiten, Joggen oder Radfahren.<\/p>\n<p>Wen verwundert es da, dass die wahlweise schwarz- oder braungetupften Vierbeiner auch beim Turnierhundesport und auf dem Agility-Platz bravour\u00f6s gl\u00e4nzen. Auch als Sanit\u00e4ts- und Rettungshund machen Dalmatiner eine ausgezeichnete Figur und erbringen die erstaunlichsten Leistungen.<\/p>\n<p>Sie k\u00f6nnen sich in den verschiedensten Disziplinen behaupten: Ob beim Agility, Frisbee, Obedience, Turnierhundesport (THS), Zughundesport, als Reitbegleiter, oder beim Mantrailing in der Rettungshundestaffel\u2026 Sogar erfolgreich jagdlich gef\u00fchrte Dalmatiner gibt es. Im Jahr 2008 wurde ein Dalmatinerr\u00fcde vom CDF mit der VDH-Ehrenplakette f\u00fcr besondere Leistungen ausgezeichnet: Er hatte als j\u00fcngster Teilnehmer unter zahlreichen \u201etypischen\u201c Jagdhunden die Brauchbarkeitspr\u00fcfung (Jagdhundepr\u00fcfung) als Bester bestanden.<\/p>\n<p>Trotz ihrer vielen F\u00e4higkeiten gelten Dalmatiner als ausgesprochen angenehme und unauff\u00e4llige Familienhunde. Im Gegensatz zu vielen arbeitsfreudigen Hunderassen <strong>KANN<\/strong> aber <strong>MUSS<\/strong> man mit dem Dalmatiner nicht zwangsl\u00e4ufig arbeiten. Wird das getupfte Familienmitglied artgerecht gehalten und ausreichend bewegt, gibt es f\u00fcr ihn keinen Anlass, nervige Verhaltensweisen zu entwickeln.<\/p>\n<\/div><\/section><\/p><\/div>\n","protected":false},"excerpt":{"rendered":"","protected":false},"author":1,"featured_media":0,"parent":0,"menu_order":0,"comment_status":"closed","ping_status":"closed","template":"","meta":{"_price":"","_stock":"","_tribe_ticket_header":"","_tribe_default_ticket_provider":"","_ticket_start_date":"","_ticket_end_date":"","_tribe_ticket_show_description":"","_tribe_ticket_show_not_going":false,"_tribe_ticket_use_global_stock":"","_tribe_ticket_global_stock_level":"","_global_stock_mode":"","_global_stock_cap":"","_tribe_rsvp_for_event":"","_tribe_ticket_going_count":"","_tribe_ticket_not_going_count":"","_tribe_tickets_list":"[]","_tribe_ticket_has_attendee_info_fields":false,"footnotes":"","_tec_slr_enabled":"","_tec_slr_layout":""},"class_list":["post-6998","page","type-page","status-publish","hentry"],"ticketed":false,"_links":{"self":[{"href":"https:\/\/wafdal.org\/de\/wp-json\/wp\/v2\/pages\/6998","targetHints":{"allow":["GET"]}}],"collection":[{"href":"https:\/\/wafdal.org\/de\/wp-json\/wp\/v2\/pages"}],"about":[{"href":"https:\/\/wafdal.org\/de\/wp-json\/wp\/v2\/types\/page"}],"author":[{"embeddable":true,"href":"https:\/\/wafdal.org\/de\/wp-json\/wp\/v2\/users\/1"}],"replies":[{"embeddable":true,"href":"https:\/\/wafdal.org\/de\/wp-json\/wp\/v2\/comments?post=6998"}],"version-history":[{"count":5,"href":"https:\/\/wafdal.org\/de\/wp-json\/wp\/v2\/pages\/6998\/revisions"}],"predecessor-version":[{"id":7304,"href":"https:\/\/wafdal.org\/de\/wp-json\/wp\/v2\/pages\/6998\/revisions\/7304"}],"wp:attachment":[{"href":"https:\/\/wafdal.org\/de\/wp-json\/wp\/v2\/media?parent=6998"}],"curies":[{"name":"wp","href":"https:\/\/api.w.org\/{rel}","templated":true}]}}