{"id":7059,"date":"2024-01-20T17:01:34","date_gmt":"2024-01-20T16:01:34","guid":{"rendered":"https:\/\/wafdal.applecreek-dalmatians.de\/richter\/"},"modified":"2024-02-06T21:35:16","modified_gmt":"2024-02-06T20:35:16","slug":"richter","status":"publish","type":"page","link":"https:\/\/wafdal.org\/de\/richter\/","title":{"rendered":"Richter"},"content":{"rendered":"<div  class='flex_column av-4y4ryd-021e75c01750deccdacc615ce8bff386 av_one_full  avia-builder-el-0  avia-builder-el-no-sibling  first flex_column_div  '     ><p>\n<style type=\"text\/css\" data-created_by=\"avia_inline_auto\" id=\"style-css-av-lrm9ckvi-7176b7f038faa5ab667cb2971c4b4b77\">\n#top .av-special-heading.av-lrm9ckvi-7176b7f038faa5ab667cb2971c4b4b77{\npadding-bottom:10px;\n}\nbody .av-special-heading.av-lrm9ckvi-7176b7f038faa5ab667cb2971c4b4b77 .av-special-heading-tag .heading-char{\nfont-size:25px;\n}\n.av-special-heading.av-lrm9ckvi-7176b7f038faa5ab667cb2971c4b4b77 .av-subheading{\nfont-size:15px;\n}\n<\/style>\n<div  class='av-special-heading av-lrm9ckvi-7176b7f038faa5ab667cb2971c4b4b77 av-special-heading-h3  avia-builder-el-1  el_before_av_textblock  avia-builder-el-first '><h3 class='av-special-heading-tag'  itemprop=\"headline\"  >Richter<\/h3><div class=\"special-heading-border\"><div class=\"special-heading-inner-border\"><\/div><\/div><\/div><br \/>\n<section  class='av_textblock_section av-lrm9ehvk-c38a1741568686bd9d59e4e58a682fad '   itemscope=\"itemscope\" itemtype=\"https:\/\/schema.org\/CreativeWork\" ><div class='avia_textblock'  itemprop=\"text\" ><p><strong>FCI Richterverzeichnis:<\/strong><br \/>\n<a href=\"http:\/\/www.fci.be\/en\/Judges\/\" target=\"_blank\" rel=\"noopener\">http:\/\/www.fci.be\/en\/Judges\/<\/a><\/p>\n<\/div><\/section><br \/>\n<div  class='hr av-20nu51-2f3044c410cdb611ed27aec78e74e239 hr-default  avia-builder-el-3  el_after_av_textblock  el_before_av_textblock '><span class='hr-inner '><span class=\"hr-inner-style\"><\/span><\/span><\/div><br \/>\n<section  class='av_textblock_section av-lrm9ge04-95e1f0875935c44c957454edda27d03a '   itemscope=\"itemscope\" itemtype=\"https:\/\/schema.org\/CreativeWork\" ><div class='avia_textblock'  itemprop=\"text\" ><p><strong>Richterliste unserer WAFDAL Mitgliedsvereine:<\/strong><br \/>\nEine Liste von FCI lizensierten Dalmatiner Spezialzuchtrichtern der verschiedenen Rassehundevereine, welche selbst oder in deren Familienverband Dalmatiner gez\u00fcchtet haben (mit einer kurzen Information und dem Richterstatus). <strong>Diese Aufz\u00e4hlung erhebt keinen Anspruch auf Vollst\u00e4ndigkeit!<\/strong><\/p>\n<p>Wenn Sie als von der FCI anerkannter Richter in diese Liste aufgenommen werden m\u00f6chten, senden Sie bitte eine E-Mail mit den folgenden Informationen an <a href=\"mailto:secretary@wafdal.org\">secretary@wafdal.org<\/a> Name, Adresse, E-Mail, Land und Telefonnummer.<\/p>\n<p>Wenn Sie sich anmelden, sind Sie daf\u00fcr verantwortlich, die Informationen auf dem neuesten Stand zu halten.<\/p>\n<p>Vielen Dank im Voraus!<\/p>\n<p>Mit freundlichen Gr\u00fc\u00dfen,<\/p>\n<p>Katja van den Eijnden<br \/>\nVize-Pr\u00e4sidentin der WAFDAL<\/p>\n<\/div><\/section><br \/>\n<div  class='togglecontainer av-lrmandgj-a5057ba75ca6b889f69ebca288a02bc7  avia-builder-el-5  el_after_av_textblock  avia-builder-el-last  judges' >\n<section class='av_toggle_section av-lrmamsaw-faa92bb15a908d7f304f4653bef7611b'  itemscope=\"itemscope\" itemtype=\"https:\/\/schema.org\/CreativeWork\" ><div role=\"tablist\" class=\"single_toggle\" data-tags=\"{Alle} \"  ><p data-fake-id='#toggle-id-1' class='toggler   '  itemprop=\"headline\"  role='tab' tabindex='0' aria-controls='toggle-id-1'>\u00d6sterreich<span class=\"toggle_icon\"><span class=\"vert_icon\"><\/span><span class=\"hor_icon\"><\/span><\/span><\/p><div id='toggle-id-1' class='toggle_wrap  '  ><div class='toggle_content invers-color '  itemprop=\"text\" ><table>\n<tbody>\n<tr>\n<td rowspan=\"3\">\n<div class=\"flag-icon flag-icon-at\" style=\"width: 80px; height: 60px;\"><\/div>\n<\/td>\n<td><strong>Frau Adelheid Kirschbichler<\/strong><br \/>\n(Kennel VON THUMEGG)<br \/>\nEinleitenweg 21<br \/>\n5300 Hallwang, Austria<br \/>\nTelefon: <a href=\"tel:+436641427609\">+43 6641427609<\/a><\/p>\n<p>Zugelassen f\u00fcr folgende Rassen:<\/p>\n<p>Gruppenrichter FCI Gruppen 5 und 9<\/p>\n<p>und:<\/p>\n<p>Gruppe 2: Appenzeller Sennenhund, Berner Sennenhund, Do-Khyi, Entlebucher Sennenhund, Grosser Schweizer Sennenhund, Shar Pei<br \/>\nGruppe 3: American Staffordshire Terrier, Bull Terrier (Standard), Miniatur Bull Terrier, Scottish Terrier, Staffordshire Bullterrier, West Highland White Terrier, Yorkshire Terrier<br \/>\nGruppe 6: Dalmatiner<\/td>\n<\/tr>\n<tr>\n<td><strong>Frau Nemecek-Nierscher Nina-Valerie (international)<\/strong><br \/>\nDorfstra\u00dfe 140<br \/>\nA-2151 Olgersdorf, \u00d6sterreich<br \/>\nTelefon: <a href=\"tel:+436644443246\">+43 664 44 43 246<\/a><br \/>\nE-Mail: <a href=\"mailto:nina-valerie.nemecek@gmx.at\">nina-valerie.nemecek@gmx.at<\/a><\/p>\n<p>&#8211; Juniorhandlingrichter<\/p>\n<p>Zugelassen f\u00fcr folgende Rassen:<\/p>\n<p>Group 1: Bearded Collie, Border Collie, Collie Shorthair (Smooth), Collie Longhair (Rough), Old English Sheepdog (Bobtail), Shetland Sheepdog, Welsh Corgi Cardigan, Welsh Corgi Pembroke<br \/>\nGruppe 2: Shar Pei<br \/>\nGruppe 5: Basenji<br \/>\nGruppe 6: Basset artesien normand, Basset bleu de Gascogne, Basset fauve de Bretagne, Basset Hound, Bloodhound (Chien de Saint-Hubert), Dalmatian, Erdelyi Kopo, Grand Basset griffon vendeen, Petit Basset griffon vendeen<\/td>\n<\/tr>\n<tr>\n<td><strong>F\u00fcr weitere Informationen kontaktieren Sie bitte:<\/strong><\/p>\n<p><strong>Frau Ursula Voitle <\/strong><br \/>\n(Kennel VON DER MONTFORTER EBENE)<br \/>\nAlte Stra\u00dfe 49a<br \/>\nA-6971 Hard, \u00d6sterreich<br \/>\nTelefon: <a href=\"tel:+43557476366\">+43557476366<\/a> oder <a href=\"tel:+43%206643833736\">+436643833736<\/a><br \/>\nE-Mail: <a href=\"mailto:dalmi@vol.at\">dalmi@vol.at<\/a><br \/>\nWebseite <a href=\"http:\/\/www.dalmatinerzucht.at\">www.dalmatinerzucht.att<\/a><\/td>\n<\/tr>\n<\/tbody>\n<\/table>\n<\/div><\/div><\/div><\/section>\n<section class='av_toggle_section av-lrmanbfx-f8464cd6a3b55bb319f2e25910ceb522'  itemscope=\"itemscope\" itemtype=\"https:\/\/schema.org\/CreativeWork\" ><div role=\"tablist\" class=\"single_toggle\" data-tags=\"{Alle} \"  ><p data-fake-id='#toggle-id-2' class='toggler   '  itemprop=\"headline\"  role='tab' tabindex='0' aria-controls='toggle-id-2'>Belgien<span class=\"toggle_icon\"><span class=\"vert_icon\"><\/span><span class=\"hor_icon\"><\/span><\/span><\/p><div id='toggle-id-2' class='toggle_wrap  '  ><div class='toggle_content invers-color '  itemprop=\"text\" ><table>\n<tbody>\n<tr>\n<td rowspan=\"2\">\n<div class=\"flag-icon flag-icon-be\" style=\"width: 80px; height: 60px;\"><\/div>\n<\/td>\n<td><strong>Herr Jean Pierre Achtergael<\/strong><br \/>\n(Kennel OF THE GREEN GARDEN)<br \/>\nProsper Bosteelsstraat 20<br \/>\nB-9255 Buggenhout, Belgien<br \/>\nTelefon: <a href=\"tel:+3252359402\">+32 52359402<\/a><br \/>\nMobil: <a href=\"tel:+32477402956\">+32 477402956<\/a><br \/>\nE-Mail: <a href=\"mailto:ja982257@scarllet.be\">ja982257@scarllet.be<\/a><\/p>\n<p>Zugelassen f\u00fcr andere Rassen:<br \/>\nGruppe 6: Dalmatian, Basset Hound, Beagle, Rhodesian Ridgeback<br \/>\nGruppe 7: verschiedene Rassen<\/td>\n<\/tr>\n<tr>\n<td><strong>Frau Liliane De Ridder Onghena<\/strong><br \/>\n(Kennel IRDALLY\u00b4S)<br \/>\nVaarstraat 177<br \/>\nB-2520 Oelegem Belgien<br \/>\nTelefon: <a href=\"tel:+3234855750\">+32 34855750<\/a><br \/>\nMobil: <a href=\"tel:+32476838432\">+32 4768384326<\/a><br \/>\nE-Mail: <a href=\"mailto:liliane.deridder@pandora.be\">liliane.deridder@pandora.be<\/a><\/p>\n<p>Zugelassen f\u00fcr andere Rassen:<br \/>\nFCI ALLROUND JUDGE<\/td>\n<\/tr>\n<\/tbody>\n<\/table>\n<\/div><\/div><\/div><\/section>\n<section class='av_toggle_section av-lrmanbfx-1-ef26f522cdc025138437fd36cb944849'  itemscope=\"itemscope\" itemtype=\"https:\/\/schema.org\/CreativeWork\" ><div role=\"tablist\" class=\"single_toggle\" data-tags=\"{Alle} \"  ><p data-fake-id='#toggle-id-3' class='toggler   '  itemprop=\"headline\"  role='tab' tabindex='0' aria-controls='toggle-id-3'>Tschechische Republik<span class=\"toggle_icon\"><span class=\"vert_icon\"><\/span><span class=\"hor_icon\"><\/span><\/span><\/p><div id='toggle-id-3' class='toggle_wrap  '  ><div class='toggle_content invers-color '  itemprop=\"text\" ><table>\n<tbody>\n<tr>\n<td>\n<div class=\"flag-icon flag-icon-cz\" style=\"width: 80px; height: 60px;\"><\/div>\n<\/td>\n<td><strong>Frau Radana Zachov\u00e1<\/strong><br \/>\n(Kennel BOHEMIA RODODENDRON)<br \/>\nAchatova 14<br \/>\n153 00 Praha 5 Radotin, Czech Republic<br \/>\nTelefon: <a href=\"tel:+420257913031\">+420-2-57913031<\/a> oder <a href=\"tel:+420257910423\">+420-2-57910423<\/a> oder <a href=\"tel:+420607829849\">+420-607-829849<\/a><br \/>\nE-Mail <a href=\"mailto:radana.zachova@atlas.cz\">radana.zachova@atlas.cz<\/a><\/p>\n<p>Zugelassen f\u00fcr folgende Rassen:<\/p>\n<p>bichon havanais, briard<\/td>\n<\/tr>\n<\/tbody>\n<\/table>\n<\/div><\/div><\/div><\/section>\n<section class='av_toggle_section av-lrmb7a5z-6806540d9d1d7113d387010e886ea04b'  itemscope=\"itemscope\" itemtype=\"https:\/\/schema.org\/CreativeWork\" ><div role=\"tablist\" class=\"single_toggle\" data-tags=\"{Alle} \"  ><p data-fake-id='#toggle-id-4' class='toggler   '  itemprop=\"headline\"  role='tab' tabindex='0' aria-controls='toggle-id-4'>D\u00e4nemark<span class=\"toggle_icon\"><span class=\"vert_icon\"><\/span><span class=\"hor_icon\"><\/span><\/span><\/p><div id='toggle-id-4' class='toggle_wrap  '  ><div class='toggle_content invers-color '  itemprop=\"text\" ><table>\n<tbody>\n<tr>\n<td>\n<div class=\"flag-icon flag-icon-dk\" style=\"width: 80px; height: 60px;\"><\/div>\n<\/td>\n<td><strong>Frau Charlotte Jenvall<\/strong><br \/>\n(Kennel CURIAS)<br \/>\nSlangerup, As 4<br \/>\nDK-3550 Slangerup, Denmark<br \/>\nTelefon: <a href=\"tel:+4522257119\">+45 22257119<\/a><br \/>\nE-Mail <a href=\"mailto:jenvall@mail.tele.dk\">jenvall@mail.tele.dk<\/a><\/p>\n<p>Zugelassen f\u00fcr andere Rassen:<\/td>\n<\/tr>\n<\/tbody>\n<\/table>\n<\/div><\/div><\/div><\/section>\n<section class='av_toggle_section av-lrmb7kib-d8c7a612fee8b9c660b5e2ea24e2b3d3'  itemscope=\"itemscope\" itemtype=\"https:\/\/schema.org\/CreativeWork\" ><div role=\"tablist\" class=\"single_toggle\" data-tags=\"{Alle} \"  ><p data-fake-id='#toggle-id-5' class='toggler   '  itemprop=\"headline\"  role='tab' tabindex='0' aria-controls='toggle-id-5'>Gro\u00dfbritannien<span class=\"toggle_icon\"><span class=\"vert_icon\"><\/span><span class=\"hor_icon\"><\/span><\/span><\/p><div id='toggle-id-5' class='toggle_wrap  '  ><div class='toggle_content invers-color '  itemprop=\"text\" ><table>\n<tbody>\n<tr>\n<td>\n<div class=\"flag-icon flag-icon-gb\" style=\"width: 80px; height: 60px;\"><\/div>\n<\/td>\n<td><strong>Gro\u00dfbritannien ist kein Vollmitglied der Europ\u00e4ischen Kooperation der Dalmatiner Clubs. Der British Dalmatian Club hat eine Liste ihrer Richter, die zur Vergabe von CC&#8217;s in Gro\u00dfbritannien zugelassen sind (A-Liste).<\/strong> (Feb 2004)<\/p>\n<p>Das Komitee des BDC hat k\u00fcrzlich in seine Bewertungskriterien f\u00fcr die A3-Liste (Rasse-Spezialist) ein Kriterium speziell f\u00fcr ausl\u00e4ndische Richter aufgenommen. Dieses zus\u00e4tzliche Kriterium lautet: &#8222;Mindestens 7 Jahre Erfahrung im Richten der Rasse und Beteiligung an Dalmatinern zu haben.&#8220;<\/p>\n<p>Es muss von der zust\u00e4ndigen Aufsichtsbeh\u00f6rde f\u00fcr Hunde in ihrem Land bestanden werden, um das \u00c4quivalent von CCs (Challenge Certificates) bei Dalmatinern zu vergeben. Dies muss schriftlich von ihrem eigenen Landes-Rasseclub unterst\u00fctzt werden.<\/p>\n<p>Sie m\u00fcssen unter den Regeln ihres Landes als Aufseher auf der Ebene einer Hunde-Championatsausstellung gedient haben.<\/p>\n<p>Alle Antr\u00e4ge sollten an mich gerichtet werden, Frau Shelagh Stevenson,<br \/>\nEhrensekret\u00e4rin des British Dalmatian Club, Hanch Cottage, Lysways Lane, Lichfield, Staffs WS13 8HQ oder per E-Mail <a href=\"mailto:shalagh.stevenson@care4free.net\">shalagh.stevenson@care4free.net e<\/a>rfolgen.<\/p>\n<p>Frau Shelagh Stevenson<br \/>\nHanch Cottage, Lysways Lane<br \/>\nLichfield, Staffs. WS13 8HQ<br \/>\nTelefon: <a href=\"tel:+441543490849\">+44 1543 490849<\/a><br \/>\nE-Mail <a href=\"mailto:shalagh.stevenson@care4free.net\">shalagh.stevenson@care4free.net<\/a><\/td>\n<\/tr>\n<\/tbody>\n<\/table>\n<\/div><\/div><\/div><\/section>\n<section class='av_toggle_section av-lrmb82il-aa5025b203f319562d04d9aaf3efc834'  itemscope=\"itemscope\" itemtype=\"https:\/\/schema.org\/CreativeWork\" ><div role=\"tablist\" class=\"single_toggle\" data-tags=\"{Alle} \"  ><p data-fake-id='#toggle-id-6' class='toggler   '  itemprop=\"headline\"  role='tab' tabindex='0' aria-controls='toggle-id-6'>Finnland<span class=\"toggle_icon\"><span class=\"vert_icon\"><\/span><span class=\"hor_icon\"><\/span><\/span><\/p><div id='toggle-id-6' class='toggle_wrap  '  ><div class='toggle_content invers-color '  itemprop=\"text\" ><table>\n<tbody>\n<tr>\n<td rowspan=\"4\">\n<div class=\"flag-icon flag-icon-fi\" style=\"width: 80px; height: 60px;\"><\/div>\n<\/td>\n<td><strong>Herr Matti Luoso<\/strong><br \/>\n(Kennel O\u00b4SOUL)<br \/>\nTelefon: <a href=\"tel:+358408469799\">+358 40 846 9799<\/a><br \/>\nE-Mail: <a href=\"mailto:mattiluoso@gmail.com%20\">mattiluoso@gmail.com<\/a><\/p>\n<p>Zugelassen f\u00fcr andere Rassen:<\/p>\n<p>FCI 1: Collie rough, collie smooth<br \/>\nFCI 2: Mostly of the breeds<br \/>\nFCI 3: Mostly of the breeds<br \/>\nFCI 5: American Akita<br \/>\nFCI 6: Dalmatian, Otterhound, Rhodesian Ridgeback<br \/>\nFCI 8: All breeds<br \/>\nFCI 9: Russian Toy<br \/>\nFCI 10: All breeds<\/td>\n<\/tr>\n<tr>\n<td><strong>Frau Paula Rekiranta<\/strong><br \/>\n(Kennel DAGAZZA)<br \/>\nTelefon: <a href=\"tel:+358503218759\">+358 50 321 8759<\/a><\/p>\n<p>Zugelassen f\u00fcr andere Rassen:<\/p>\n<p>FCI 1: Australian Stumpy Tail Cattle Dog, Bohemian Shepherd Dog, Collie Rough, Collie Smooth, Czechoslovakian Wolfdog, German Shepherd Dog, Miniature American Shepherd, Picardy Sheepdog, Romanian Carpathian Shephed Dog, Romanian Mioritic Shepherd Dog, Saarloos Wolfhond, Shetland Sheepdog, South Russian Shepherd Dog, Welsh Corgi Cardigan<br \/>\nFCI 2: Mostly of the breeds<br \/>\nFCI 3: Half of the breeds<br \/>\nFCI 4: All breeds<br \/>\nFCI 5: Mostly of the breeds<br \/>\nFCI 6: All breeds<br \/>\nFCI 8: All breeds<br \/>\nFCI 9: Bichon Frise, Chihuahua, French Bulldog, Prague Ratter, Shih Tzu, Tibetan Spaniel, Tibetan Terrier<br \/>\nFCI 10: All breeds<\/td>\n<\/tr>\n<tr>\n<td><strong>Mrs. Niina Romo<\/strong><br \/>\n(Kennel VARIUS)<br \/>\nTelefon: <a href=\"tel:+358443352996\">+358 44 335 2996<\/a><br \/>\nE-Mail: <a href=\"mailto:niina.varius@gmail.com\">niina.varius@gmail.come<\/a><\/p>\n<p>Zugelassen f\u00fcr andere Rassen:<\/p>\n<p>FCI 6: Mostly of the breeds<\/td>\n<\/tr>\n<tr>\n<td><strong>Mrs. Sanna T\u00f6rnroos<\/strong><br \/>\n(Kennel TALLPEAK)<br \/>\nTelefon: <a href=\"tel:+358400759037\">+358 40 0759 037<\/a><br \/>\nE-Mail: <a href=\"mailto:sanna@treeofpets.fi\">sanna@treeofpets.fi<\/a><\/p>\n<p>Zugelassen f\u00fcr andere Rassen:<\/p>\n<p>FCI 6: Mostly of the breeds<\/td>\n<\/tr>\n<\/tbody>\n<\/table>\n<\/div><\/div><\/div><\/section>\n<section class='av_toggle_section av-lrmb8hyc-53b9fde4af9eed5b724ebb1e36532983'  itemscope=\"itemscope\" itemtype=\"https:\/\/schema.org\/CreativeWork\" ><div role=\"tablist\" class=\"single_toggle\" data-tags=\"{Alle} \"  ><p data-fake-id='#toggle-id-7' class='toggler   '  itemprop=\"headline\"  role='tab' tabindex='0' aria-controls='toggle-id-7'>Deutschland<span class=\"toggle_icon\"><span class=\"vert_icon\"><\/span><span class=\"hor_icon\"><\/span><\/span><\/p><div id='toggle-id-7' class='toggle_wrap  '  ><div class='toggle_content invers-color '  itemprop=\"text\" ><table>\n<tbody>\n<tr>\n<td rowspan=\"10\">\n<div class=\"flag-icon flag-icon-de\" style=\"width: 80px; height: 60px;\"><\/div>\n<\/td>\n<td>\n<h4>DDC (Deutscher Dalmatiner-Club von 1920 e. V)<\/h4>\n<p><strong>Herr Markus Ameis<\/strong><br \/>\n(VON DER STADT BENSHEIM)<br \/>\nAm Seeberg 24<br \/>\nD-64625 Bensheim, Deutschland<br \/>\nTelefon: <a href=\"tel:+49625139760\">+49 6251 397602<\/a><br \/>\nE-Mail: <a href=\"mailto:ja982257@scarllet.be\">ja982257@scarllet.be<\/a><\/td>\n<\/tr>\n<tr>\n<td><strong>Herr Christoph Derieth<\/strong><br \/>\n(Kennel VOM BENRADER FELD)<br \/>\nNeudecker Weg 138<br \/>\n12355 Berlin, Deutschland<br \/>\nTelefon: <a href=\"tel:+49306632175\">+49 30 6632175<\/a><br \/>\nGSM: <a href=\"tel:+491717604950\">+49 171 7604950<\/a><br \/>\nE-Mail: <a href=\"mailto:Christoph.Derieth@dachser.com\">Christoph.Derieth@dachser.com<\/a><\/td>\n<\/tr>\n<tr>\n<td><strong>Herr Josef Fertig<\/strong><br \/>\n(Kennel VOM MARGARETHENHOF)<br \/>\nAm Leimenberg 21<br \/>\nD-64625 Bensheim, Deutschland<br \/>\nTelefon: <a href=\"tel:+4962512063\">+49 6251 2063<\/a><br \/>\nE-Mail: <a href=\"mailto:joseffertig@gmx.de\">joseffertig@gmx.de<\/a><\/p>\n<p>Licensed for other breeds: Schnauzer<\/td>\n<\/tr>\n<tr>\n<td><strong>Frau Christel Wilhelm<\/strong><br \/>\n(Kennel VON DER WILHELMSH\u00d6HE)<br \/>\nPf.-Heberer-Strasse 40<br \/>\nD-55411 Bingen, Deutschland<br \/>\nTelefon: <a href=\"tel:+49672113159\">+49 6721 13159<\/a><\/td>\n<\/tr>\n<tr>\n<td><strong>Herr Jens B\u00f6hme<\/strong><br \/>\nAuenstr. 13<br \/>\n04651 Bad Lausick, Deutschland<br \/>\nTelefon: <a href=\"tel:+493434552343\">+49 34345 52343<\/a><br \/>\nE-Mail: <a href=\"mailto:Fam.Boehme@gmx.net\">Fam.Boehme@gmx.net<\/a><\/td>\n<\/tr>\n<tr>\n<td><strong>Frau Helga und Herr Michael Karrock<\/strong><br \/>\n(Kennel VON DER SCHWARZEN AU)<br \/>\nLangenfelde 17<br \/>\n23611 Bad Schwartau, Deutschland<br \/>\nTelefon: <a href=\"tel:+4945124775\">+49 451 24775<\/a><br \/>\nE-Mail: <a href=\"mailto:karrock@tiscali-dsl.de\">karrock@tiscali-dsl.de<\/a><\/p>\n<p>Licensed for other breeds: Group 5 group judge<\/td>\n<\/tr>\n<tr>\n<td>\n<h4>CDF (Club f\u00fcr Dalmatiner-Freunde e.V.)<\/h4>\n<p><strong>Frau Susanne Thelen<\/strong><br \/>\n(FROM THE FUNNY FRIENDS)<br \/>\nWeitmarer Str. 94<br \/>\n44795 Bochum, Deutschland<br \/>\nGSM: <a href=\"tel:+49%20171%203734910\">+49 171 3734910<\/a><br \/>\nE-Mail: <a href=\"mailto:hundeschule.fuchs@gmx.de\">hundeschule.fuchs@gmx.de<\/a><\/td>\n<\/tr>\n<tr>\n<td><strong>Frau Stephanie Yates<\/strong><br \/>\n(Kennel MILLVIEW \/ CAPRILLI)<br \/>\nHintergasse 12<br \/>\n55592 Rehborn, Deutschland<br \/>\nTelefon: <a href=\"tel:+4967539644202\">+49 6753 9 644202<\/a><br \/>\nGSM: <a href=\"tel:+491746876915\">+49 174 6 87 69 15<\/a><br \/>\nE-Mail: <a href=\"mailto:101@millviews-dalmatiner.de\">101@millviews-dalmatiner.de<\/a><\/td>\n<\/tr>\n<\/tbody>\n<\/table>\n<\/div><\/div><\/div><\/section>\n<section class='av_toggle_section av-lrmb8p5a-afc35333042d1532d60d2129eb1cb52c'  itemscope=\"itemscope\" itemtype=\"https:\/\/schema.org\/CreativeWork\" ><div role=\"tablist\" class=\"single_toggle\" data-tags=\"{Alle} \"  ><p data-fake-id='#toggle-id-8' class='toggler   '  itemprop=\"headline\"  role='tab' tabindex='0' aria-controls='toggle-id-8'>Niederlande<span class=\"toggle_icon\"><span class=\"vert_icon\"><\/span><span class=\"hor_icon\"><\/span><\/span><\/p><div id='toggle-id-8' class='toggle_wrap  '  ><div class='toggle_content invers-color '  itemprop=\"text\" ><table>\n<tbody>\n<tr>\n<td>\n<div class=\"flag-icon flag-icon-nl\" style=\"width: 80px; height: 60px;\"><\/div>\n<\/td>\n<td><strong>Frau Cindy Kerssemeijer<\/strong><br \/>\n(Kennel VAN DE EUROMAST)<br \/>\nMeidoornstraat 1<br \/>\nNL-3222 XL Hellevoetsluis<br \/>\nTelefon: <a href=\"tel:+31614302022\">+31 (0)6 14302022<\/a><br \/>\nE-Mail: <a href=\"mailto:%20ja982257@scarllet.be\"> ja982257@scarllet.be<\/a><\/p>\n<p>Zugelassen f\u00fcr andere Rassen:<\/p>\n<p>Australian Kelpie, Australian Cattle Dog, Australian Sheperd, Maremma and Abruzzes Sheepdog, Barbado da Terceira, Bearded Collie, Bergamasco Shepherd Dog, Groenendael, Laekenois, Malinois, Tervueren, Chodsky Pes, Border Collie, Bouvier Des Flandres, Cao Da Serra De Aires, Romanian Carpatin, Romanian Mioritic Shepherd Dog, Collie Smooth, Collie Rough, Schapendoes, Beauceron, Briard, Catalonian Sheepdog, Dutch Shepherd-Shorthaired, Dutch Shepherd-Longhaired, Dutch Shepherd-Wirehaired, Croatian Sheepdog, Komondor, Kuvasz, Lancashire Heeler, Miniature American Shepherd, Mudi, Bobtail, Russko-Evropeyskaya Ovchark, Russko-Evropeyskaya Ovchark, Majorca Shepherd, Ceskoslovensky VlackCzeslovakain Wolfdog Dog, Berger Picard, Puli, Pumi, Long-haired Pyrenean Sheepdog, Pyrenean Sheepdog-smooth faced, Saarlooswolfdog, Shetland Sheepdog, Slovakian Chuvach, Polski Owczarek Podhalanski, Ceskoslovensky VlackCzeslovakain Wolfdog, Welsh Corgi Cardigan, Welsh Corgi Pembroke, South Russian Owtcharka, White Swiss Shepherd Dog, Kangal K\u00f6pek, Bernese Mountain Dog, Boxer, Cane Corso, Great Dane, Dobermann, Pinscher, Miniature Schnauzer, Bulldog, German Hovawart, Kavkazskaia Ovtcharka, Karst Shepherd Dog, Landseer Eur.Cont.Type, Leonberger, Central Asia Shepherd Dog, Giant Schnauzer, Schnauzer, Shari Pei, Dutch Smousdog, St.Bernard (short Haired), St.Bernard (long Haired), American Staffordshire Terrier, Airedale Terrier, Bull Terrier, Foxterrier Wire-Haired,Foxterrier Smoothhaired, Miniature Bull Terrier, Staffordshire Bull Terrier, Yorkshire Terrier, Dachshund (smooth-Haired), Boston Terrier, Pug,<\/p>\n<p>Groupjudge 4 +6<\/td>\n<\/tr>\n<\/tbody>\n<\/table>\n<\/div><\/div><\/div><\/section>\n<section class='av_toggle_section av-lrmb8zp1-14aae07fe7c92a5ee0fe553206474b1c'  itemscope=\"itemscope\" itemtype=\"https:\/\/schema.org\/CreativeWork\" ><div role=\"tablist\" class=\"single_toggle\" data-tags=\"{Alle} \"  ><p data-fake-id='#toggle-id-9' class='toggler   '  itemprop=\"headline\"  role='tab' tabindex='0' aria-controls='toggle-id-9'>Slowakei<span class=\"toggle_icon\"><span class=\"vert_icon\"><\/span><span class=\"hor_icon\"><\/span><\/span><\/p><div id='toggle-id-9' class='toggle_wrap  '  ><div class='toggle_content invers-color '  itemprop=\"text\" ><table>\n<tbody>\n<tr>\n<td rowspan=\"3\">\n<div class=\"flag-icon flag-icon-sk\" style=\"width: 80px; height: 60px;\"><\/div>\n<\/td>\n<td><strong>Herr Oleg Fintora<\/strong><br \/>\n(Kennel PLUM PUDDING)<br \/>\nNa brezin\u00e1ch 2<br \/>\n81105 Bratislava, Slowakei<br \/>\nTelefon: <a href=\"tel:+421905743907\">+421 905 743907<\/a><br \/>\nE-Mail <a href=\"mailto:ofintora@gmail.com\">ofintora@gmail.com<\/a><\/p>\n<p>Zugelassen f\u00fcr andere Rassen:<br \/>\nGroup 10: Sighthounds<\/td>\n<\/tr>\n<tr>\n<td><strong>Frau Ludmila Fintorov\u00e1<\/strong><br \/>\n(Kennel PLUM PUDDING)<br \/>\nNa brezin\u00e1ch 2<br \/>\n81105 Bratislava, Slowakei<br \/>\nTelefon: <a href=\"tel:+421907776035\">+421 907 776035<\/a><br \/>\nE-Mail: <a href=\"mailto:ludmilafintorova@gmail.com\">ludmilafintorova@gmail.com<\/a><\/p>\n<p>Zugelassen f\u00fcr andere Rassen:<\/td>\n<\/tr>\n<tr>\n<td><strong>Frau MD Michaela Pavlaskova<\/strong><br \/>\n(Kennel PLUM BRANDY)<br \/>\nPovoda 74<br \/>\nSK-929 01 Dunajska Streda, Slowakei<br \/>\nTelefon: <a href=\"tel:+421709521851\">+421 709 521 851<\/a><\/p>\n<p>Zugelassen f\u00fcr andere Rassen:<br \/>\nGroup 5: all breeds. Greyhound, Pharaohound, Samojed, Chow-Chow<\/td>\n<\/tr>\n<\/tbody>\n<\/table>\n<\/div><\/div><\/div><\/section>\n<\/div><\/p><\/div>\n","protected":false},"excerpt":{"rendered":"","protected":false},"author":1,"featured_media":0,"parent":0,"menu_order":0,"comment_status":"closed","ping_status":"closed","template":"","meta":{"_price":"","_stock":"","_tribe_ticket_header":"","_tribe_default_ticket_provider":"","_ticket_start_date":"","_ticket_end_date":"","_tribe_ticket_show_description":"","_tribe_ticket_show_not_going":false,"_tribe_ticket_use_global_stock":"","_tribe_ticket_global_stock_level":"","_global_stock_mode":"","_global_stock_cap":"","_tribe_rsvp_for_event":"","_tribe_ticket_going_count":"","_tribe_ticket_not_going_count":"","_tribe_tickets_list":"[]","_tribe_ticket_has_attendee_info_fields":false,"footnotes":"","_tec_slr_enabled":"","_tec_slr_layout":""},"class_list":["post-7059","page","type-page","status-publish","hentry"],"ticketed":false,"_links":{"self":[{"href":"https:\/\/wafdal.org\/de\/wp-json\/wp\/v2\/pages\/7059","targetHints":{"allow":["GET"]}}],"collection":[{"href":"https:\/\/wafdal.org\/de\/wp-json\/wp\/v2\/pages"}],"about":[{"href":"https:\/\/wafdal.org\/de\/wp-json\/wp\/v2\/types\/page"}],"author":[{"embeddable":true,"href":"https:\/\/wafdal.org\/de\/wp-json\/wp\/v2\/users\/1"}],"replies":[{"embeddable":true,"href":"https:\/\/wafdal.org\/de\/wp-json\/wp\/v2\/comments?post=7059"}],"version-history":[{"count":2,"href":"https:\/\/wafdal.org\/de\/wp-json\/wp\/v2\/pages\/7059\/revisions"}],"predecessor-version":[{"id":7061,"href":"https:\/\/wafdal.org\/de\/wp-json\/wp\/v2\/pages\/7059\/revisions\/7061"}],"wp:attachment":[{"href":"https:\/\/wafdal.org\/de\/wp-json\/wp\/v2\/media?parent=7059"}],"curies":[{"name":"wp","href":"https:\/\/api.w.org\/{rel}","templated":true}]}}