{"id":7062,"date":"2024-01-20T22:40:09","date_gmt":"2024-01-20T21:40:09","guid":{"rendered":"https:\/\/wafdal.applecreek-dalmatians.de\/charakter-verhalten\/"},"modified":"2024-02-06T21:54:08","modified_gmt":"2024-02-06T20:54:08","slug":"charakter-verhalten","status":"publish","type":"page","link":"https:\/\/wafdal.org\/de\/charakter-verhalten\/","title":{"rendered":"Charakter &amp; Verhalten"},"content":{"rendered":"<div  class='flex_column av-2vh8fn-da20e4cae8c6819734b866cc2fdbbb8b av_one_full  avia-builder-el-0  avia-builder-el-no-sibling  first flex_column_div  '     ><p>\n<style type=\"text\/css\" data-created_by=\"avia_inline_auto\" id=\"style-css-av-lrmld7di-0e48e7ed61739c32b118d10fec4ee49a\">\n#top .av-special-heading.av-lrmld7di-0e48e7ed61739c32b118d10fec4ee49a{\npadding-bottom:10px;\n}\nbody .av-special-heading.av-lrmld7di-0e48e7ed61739c32b118d10fec4ee49a .av-special-heading-tag .heading-char{\nfont-size:25px;\n}\n.av-special-heading.av-lrmld7di-0e48e7ed61739c32b118d10fec4ee49a .av-subheading{\nfont-size:15px;\n}\n<\/style>\n<div  class='av-special-heading av-lrmld7di-0e48e7ed61739c32b118d10fec4ee49a av-special-heading-h3  avia-builder-el-1  el_before_av_textblock  avia-builder-el-first '><h3 class='av-special-heading-tag'  itemprop=\"headline\"  >Charakter <span class='special_amp'>&amp;<\/span> Verhalten<\/h3><div class=\"special-heading-border\"><div class=\"special-heading-inner-border\"><\/div><\/div><\/div><br \/>\n<section  class='av_textblock_section av-lrmlf6cm-7fdc150cba2ed0f115ad8062e1768801 '   itemscope=\"itemscope\" itemtype=\"https:\/\/schema.org\/CreativeWork\" ><div class='avia_textblock'  itemprop=\"text\" ><p><strong>Ein Hund, der Fr\u00f6hlichkeit schenkt<\/strong><\/p>\n<p>Dalmatiner gelten als temperamentvolle, fr\u00f6hliche und intelligente Familienhunde, die schnell lernen. Da sie \u00fcber einen ausgepr\u00e4gten Bewegungsdrang und den Wunsch nach viel Abwechslung verf\u00fcgen, passen sie am besten in einen sportlichen Haushalt, in dem immer etwas los ist. Ein enger Kontakt zur Familie ist f\u00fcr einen Dalmatiner sehr wichtig. Er m\u00f6chte in die Familie integriert werden und sollte nicht h\u00e4ufig lange alleine bleiben m\u00fcssen.<\/p>\n<p><strong>\u201eFit wie ein Turnschuh\u201c<\/strong><\/p>\n<p>Trotz seiner Unkompliziertheit und seines freundlichen Wesens ist der Dalmatiner sicherlich kein Hund f\u00fcr Jedermann. Wer es sich lieber auf der Couch bequem macht, als bei Wind und Wetter Outdoor-Aktivit\u00e4ten zu fr\u00f6nen, sollte von den temperamentvollen Sch\u00f6nheiten mit den Tupfen Abstand nehmen.<\/p>\n<p>Die selbstbewussten Vierbeiner mit dem hervorragenden Sozialverhalten legen gr\u00f6\u00dften Wert auf eine sportliche Familie und denken nicht im Traum daran, sich auf die faule Haut zu legen. Lebhaftigkeit zeichnet die getupften Sch\u00f6nheiten aus und macht sie zu idealen Begleitern beim Wandern, Reiten, Joggen oder Radfahren.<\/p>\n<p>Wen verwundert es da, dass die wahlweise schwarz- oder braungetupften Vierbeiner auch beim Turnierhundesport und auf dem Agility-Platz bravour\u00f6s gl\u00e4nzen. Auch als Sanit\u00e4ts- und Rettungshund machen Dalmatiner eine ausgezeichnete Figur und erbringen die erstaunlichsten Leistungen.<\/p>\n<p><strong>Ruhig und ausgeglichen<\/strong><\/p>\n<p>Auch wenn Aktivit\u00e4ten und Abwechslung bei Dalmatinern gro\u00df geschrieben werden, verm\u00f6gen die vielseitigen Freizeitpartner tats\u00e4chlich eine tiefe Ruhe und Ausgeglichenheit auszustrahlen.<\/p>\n<p>Genau dies ist es, was wir ganz besonders an unseren Dalmatinern sch\u00e4tzen. Sie k\u00f6nnen sich in den verschiedensten Disziplinen behaupten: Ob beim Agility, Frisbee, Obedience, Turnierhundesport (THS), Zughundesport, als Reitbegleiter, oder beim Mantrailing in der Rettungshundestaffel\u2026 Sogar erfolgreich jagdlich gef\u00fchrte Dalmatiner gibt es. Im Jahr 2008 wurde ein Dalmatinerr\u00fcde vom CDF mit der VDH-Ehrenplakette f\u00fcr besondere Leistungen ausgezeichnet: Er hatte als j\u00fcngster Teilnehmer unter zahlreichen \u201etypischen\u201c Jagdhunden die Brauchbarkeitspr\u00fcfung (Jagdhundepr\u00fcfung) als Bester bestanden.<\/p>\n<p>Trotz ihrer vielen F\u00e4higkeiten gelten Dalmatiner als ausgesprochen angenehme und unauff\u00e4llige Familienhunde. Im Gegensatz zu vielen arbeitsfreudigen Hunderassen KANN, aber MUSS man mit dem Dalmatiner nicht zwangsl\u00e4ufig arbeiten. Wird das getupfte Familienmitglied artgerecht gehalten und ausreichend bewegt, gibt es f\u00fcr ihn keinen Anlass, nervige Verhaltensweisen zu entwickeln.<\/p>\n<p><strong>Dalmatiner k\u00f6nnen lachen<\/strong><\/p>\n<p>Ein ausgelassener, fr\u00f6hlicher Dalmatiner ist ein echter Hingucker oder kennen Sie noch viele andere Hunderassen, die ihre Heiterkeit mit einem hinrei\u00dfenden L\u00e4cheln ausdr\u00fccken? Das Hochziehen der Lefzen ist rassetypisch, dabei blitzen die strahlend wei\u00dfen Z\u00e4hne hervor, die Augen werden verschmitzt zugekniffen, dazu prustet und schnauft der Dalmatiner ausgelassen.<\/p>\n<p>Wenn Sie Ihren Dalmatiner oft lachen sehen wollen, sollten Sie ihm ein angenehmes Hundeleben bescheren. Dazu geh\u00f6rt eine bedingungslose Integration in die menschliche Familie. Ein Leben im Zwinger w\u00fcrde die liebenswerte Seele dieses Hundes zerst\u00f6ren und ihn zu einem Kr\u00fcppel machen.<\/p>\n<p>Man sollte sich auch bewusst sein, dass ein liebevoller Umgang mit dem Vierbeiner und Auslauf im Garten nicht ausreichen, um die rassespezifischen Bed\u00fcrfnisse des bewegungsfreudigen Laufhundes zu befriedigen. K\u00f6rperliche und psychische Auslastung sind ein Muss und zwar Tag f\u00fcr Tag.<\/p>\n<\/div><\/section><\/p><\/div>\n","protected":false},"excerpt":{"rendered":"","protected":false},"author":1,"featured_media":0,"parent":0,"menu_order":0,"comment_status":"closed","ping_status":"closed","template":"","meta":{"_price":"","_stock":"","_tribe_ticket_header":"","_tribe_default_ticket_provider":"","_ticket_start_date":"","_ticket_end_date":"","_tribe_ticket_show_description":"","_tribe_ticket_show_not_going":false,"_tribe_ticket_use_global_stock":"","_tribe_ticket_global_stock_level":"","_global_stock_mode":"","_global_stock_cap":"","_tribe_rsvp_for_event":"","_tribe_ticket_going_count":"","_tribe_ticket_not_going_count":"","_tribe_tickets_list":"[]","_tribe_ticket_has_attendee_info_fields":false,"footnotes":"","_tec_slr_enabled":"","_tec_slr_layout":""},"class_list":["post-7062","page","type-page","status-publish","hentry"],"ticketed":false,"_links":{"self":[{"href":"https:\/\/wafdal.org\/de\/wp-json\/wp\/v2\/pages\/7062","targetHints":{"allow":["GET"]}}],"collection":[{"href":"https:\/\/wafdal.org\/de\/wp-json\/wp\/v2\/pages"}],"about":[{"href":"https:\/\/wafdal.org\/de\/wp-json\/wp\/v2\/types\/page"}],"author":[{"embeddable":true,"href":"https:\/\/wafdal.org\/de\/wp-json\/wp\/v2\/users\/1"}],"replies":[{"embeddable":true,"href":"https:\/\/wafdal.org\/de\/wp-json\/wp\/v2\/comments?post=7062"}],"version-history":[{"count":2,"href":"https:\/\/wafdal.org\/de\/wp-json\/wp\/v2\/pages\/7062\/revisions"}],"predecessor-version":[{"id":7064,"href":"https:\/\/wafdal.org\/de\/wp-json\/wp\/v2\/pages\/7062\/revisions\/7064"}],"wp:attachment":[{"href":"https:\/\/wafdal.org\/de\/wp-json\/wp\/v2\/media?parent=7062"}],"curies":[{"name":"wp","href":"https:\/\/api.w.org\/{rel}","templated":true}]}}